{"id":21917,"date":"2023-09-29T13:55:54","date_gmt":"2023-09-29T10:55:54","guid":{"rendered":"https:\/\/www.energyefficiencymovement.com\/faq\/"},"modified":"2025-08-26T18:05:43","modified_gmt":"2025-08-26T15:05:43","slug":"faq","status":"publish","type":"page","link":"https:\/\/www.energyefficiencymovement.com\/it\/faq\/","title":{"rendered":"FAQ"},"content":{"rendered":"\n<p><strong>D: Come posso unirmi all&#8217;Energy Efficiency Movement?<\/strong><\/p>\n\n<p>R: Compila il <a href=\"https:\/\/www.energyefficiencymovement.com\/join-form\/\">modulo di adesione<\/a>.<\/p>\n\n<p><\/p>\n\n<p><strong>D: Come posso pubblicare le mie storie di efficienza energetica su questo sito?<\/strong><\/p>\n\n<p>R: Dopo essere diventato un Mover, puoi compilare questo modulo per richiedere la pubblicazione della tua soluzione: <a href=\"https:\/\/www.energyefficiencymovement.com\/movers-solutions\/\">https:\/\/www.energyefficiencymovement.com\/movers-solutions\/<\/a><\/p>\n\n<p><\/p>\n\n<p><strong>D: Sono un privato e non un&#8217;organizzazione. Come posso unirmi all&#8217;EEM? <\/strong><\/p>\n\n<p>R: Al momento, solo le organizzazioni possono aderire all&#8217;EEM.<\/p>\n\n<p><\/p>\n\n<p><strong>D: Non voglio che il mio impegno venga pubblicato. Posso comunque far parte dell&#8217;EEM? <\/strong><\/p>\n\n<p>R: L&#8217;obiettivo dell&#8217;Energy Efficiency Movement \u00e8 quello di riunire tutte le parti interessate per agire sull&#8217;efficienza energetica. L&#8217;impegno pubblico \u00e8 un veicolo chiave per creare consapevolezza e guidare l&#8217;azione, ed \u00e8 una condizione necessaria per aderire all&#8217;EEM.<\/p>\n\n<p><\/p>\n\n<p><strong>D: Esistono meccanismi di controllo per verificare se i Movers rispettano il loro impegno?<\/strong><\/p>\n\n<p>R: I Movers sono responsabili del monitoraggio dei loro progressi L&#8217;Associazione \u00e8 un centro per lo scambio di conoscenze, la promozione dell&#8217;efficienza energetica e la diffusione della consapevolezza. Ogni Mover \u00e8 responsabile di monitorare i propri progressi.<\/p>\n\n<p><\/p>\n\n<p><strong>D: Quanto costa aderire all&#8217;Energy Efficiency Movement?<\/strong><\/p>\n\n<p>R: Al momento non ci sono costi di iscrizione come Mover. Le aziende che desiderano aderire come Active Mover o Core Mover sono invitate a verificare le condizioni e i costi di adesione descritti qui: <a href=\"https:\/\/www.energyefficiencymovement.com\/movers-categories\/\">https:\/\/www.energyefficiencymovement.com\/movers-categories\/<\/a><\/p>\n\n<p><\/p>\n\n<p><strong>D: Pi\u00f9 partner nel mio ecosistema vorrebbero aderire. Qual \u00e8 il modo pi\u00f9 semplice per loro di entrare nell&#8217;EEM?<\/strong><\/p>\n\n<p>R: Compilando il <a href=\"https:\/\/www.energyefficiencymovement.com\/join-form\/\">modulo di adesione al Movimento.<\/a><\/p>\n\n<p><\/p>\n\n<p><strong>D: Chi ha lanciato l&#8217;EEM?<\/strong><\/p>\n\n<p>R: L&#8217;Energy Efficiency Movement \u00e8 stato fondato da ABB nel marzo 2021 e si \u00e8 trasformato in associazione nel maggio 2024. ABB e Alfa Laval sono membri fondatori dell&#8217;associazione.<\/p>\n\n<p><\/p>\n\n<p><strong>D: Perch\u00e9 l&#8217;EEM \u00e8 registrato nel Registro della trasparenza dell&#8217;UE?<\/strong><\/p>\n\n<p>R: L&#8217;EEM \u00e8 registrato nel Registro per la Trasparenza dell&#8217;UE (Numero REG: 365376396312-27) per dimostrare il suo impegno all&#8217;apertura e all&#8217;integrit\u00e0 in linea con il suo Statuto e il suo Codice di Condotta e per consentire all&#8217;EEM di condividere le sue conoscenze ed esperienze per promuovere soluzioni e tecnologie efficienti e per accelerare la transizione verso economie efficienti dal punto di vista energetico. Inoltre, nel 2025 l&#8217;EEM ha avuto il privilegio di essere partner della 10\u00b0 Conferenza sull&#8217;Efficienza Energetica dell&#8217;AIE, insieme alla Commissione Europea.<\/p>\n","protected":false},"excerpt":{"rendered":"<p>D: Come posso unirmi all&#8217;Energy Efficiency Movement? R: Compila il modulo di adesione. D: Come posso pubblicare le mie storie di efficienza energetica su questo sito? R: Dopo essere diventato un Mover, puoi compilare questo modulo per richiedere la pubblicazione della tua soluzione: https:\/\/www.energyefficiencymovement.com\/movers-solutions\/ D: Sono un privato e non un&#8217;organizzazione. Come posso unirmi all&#8217;EEM? [&#8230;]<\/p>\n<p><a class=\"btn btn-secondary understrap-read-more-link\" href=\"https:\/\/www.energyefficiencymovement.com\/it\/faq\/\">Leggi tutto&#8230;<\/a><\/p>\n","protected":false},"author":1,"featured_media":0,"parent":0,"menu_order":0,"comment_status":"closed","ping_status":"closed","template":"","meta":{"_monsterinsights_skip_tracking":false,"_monsterinsights_sitenote_active":false,"_monsterinsights_sitenote_note":"","_monsterinsights_sitenote_category":0,"footnotes":""},"acf":[],"yoast_head":"<!-- This site is optimized with the Yoast SEO plugin v22.6 - https:\/\/yoast.com\/wordpress\/plugins\/seo\/ -->\n<title>FAQ - Energy Efficiency Movement<\/title>\n<meta name=\"description\" content=\"Domande frequenti sull&#039;Energy Efficiency Movement. Come unirsi all&#039;EEM? Costi? Requisiti? Pubblicare le storie? ecc.\" \/>\n<meta name=\"robots\" content=\"index, follow, max-snippet:-1, max-image-preview:large, max-video-preview:-1\" \/>\n<link rel=\"canonical\" href=\"https:\/\/www.energyefficiencymovement.com\/it\/faq\/\" \/>\n<meta property=\"og:locale\" content=\"it_IT\" \/>\n<meta property=\"og:type\" content=\"article\" \/>\n<meta property=\"og:title\" content=\"FAQ - Energy Efficiency Movement\" \/>\n<meta property=\"og:description\" content=\"Domande frequenti sull&#039;Energy Efficiency Movement. Come unirsi all&#039;EEM? Costi? Requisiti? Pubblicare le storie? ecc.\" \/>\n<meta property=\"og:url\" content=\"https:\/\/www.energyefficiencymovement.com\/it\/faq\/\" \/>\n<meta property=\"og:site_name\" content=\"Energy Efficiency Movement\" \/>\n<meta property=\"article:modified_time\" content=\"2025-08-26T15:05:43+00:00\" \/>\n<meta property=\"og:image\" content=\"https:\/\/www.energyefficiencymovement.com\/wp-content\/uploads\/2023\/10\/cta-join.jpg\" \/>\n\t<meta property=\"og:image:width\" content=\"1551\" \/>\n\t<meta property=\"og:image:height\" content=\"1035\" \/>\n\t<meta property=\"og:image:type\" content=\"image\/jpeg\" \/>\n<meta name=\"twitter:card\" content=\"summary_large_image\" \/>\n<script type=\"application\/ld+json\" class=\"yoast-schema-graph\">{\"@context\":\"https:\/\/schema.org\",\"@graph\":[{\"@type\":\"WebPage\",\"@id\":\"https:\/\/www.energyefficiencymovement.com\/it\/faq\/\",\"url\":\"https:\/\/www.energyefficiencymovement.com\/it\/faq\/\",\"name\":\"FAQ - Energy Efficiency Movement\",\"isPartOf\":{\"@id\":\"https:\/\/www.energyefficiencymovement.com\/#website\"},\"datePublished\":\"2023-09-29T10:55:54+00:00\",\"dateModified\":\"2025-08-26T15:05:43+00:00\",\"description\":\"Domande frequenti sull'Energy Efficiency Movement. Come unirsi all'EEM? Costi? Requisiti? Pubblicare le storie? ecc.\",\"breadcrumb\":{\"@id\":\"https:\/\/www.energyefficiencymovement.com\/it\/faq\/#breadcrumb\"},\"inLanguage\":\"it-IT\",\"potentialAction\":[{\"@type\":\"ReadAction\",\"target\":[\"https:\/\/www.energyefficiencymovement.com\/it\/faq\/\"]}]},{\"@type\":\"BreadcrumbList\",\"@id\":\"https:\/\/www.energyefficiencymovement.com\/it\/faq\/#breadcrumb\",\"itemListElement\":[{\"@type\":\"ListItem\",\"position\":1,\"name\":\"Home\",\"item\":\"https:\/\/www.energyefficiencymovement.com\/it\/\"},{\"@type\":\"ListItem\",\"position\":2,\"name\":\"FAQ\"}]},{\"@type\":\"WebSite\",\"@id\":\"https:\/\/www.energyefficiencymovement.com\/#website\",\"url\":\"https:\/\/www.energyefficiencymovement.com\/\",\"name\":\"Energy Efficiency Movement\",\"description\":\"\",\"publisher\":{\"@id\":\"https:\/\/www.energyefficiencymovement.com\/#organization\"},\"potentialAction\":[{\"@type\":\"SearchAction\",\"target\":{\"@type\":\"EntryPoint\",\"urlTemplate\":\"https:\/\/www.energyefficiencymovement.com\/?s={search_term_string}\"},\"query-input\":\"required name=search_term_string\"}],\"inLanguage\":\"it-IT\"},{\"@type\":\"Organization\",\"@id\":\"https:\/\/www.energyefficiencymovement.com\/#organization\",\"name\":\"Energy Efficiency Movement\",\"url\":\"https:\/\/www.energyefficiencymovement.com\/\",\"logo\":{\"@type\":\"ImageObject\",\"inLanguage\":\"it-IT\",\"@id\":\"https:\/\/www.energyefficiencymovement.com\/#\/schema\/logo\/image\/\",\"url\":\"https:\/\/www.energyefficiencymovement.com\/wp-content\/uploads\/2023\/09\/icon-logo.png\",\"contentUrl\":\"https:\/\/www.energyefficiencymovement.com\/wp-content\/uploads\/2023\/09\/icon-logo.png\",\"width\":367,\"height\":369,\"caption\":\"Energy Efficiency Movement\"},\"image\":{\"@id\":\"https:\/\/www.energyefficiencymovement.com\/#\/schema\/logo\/image\/\"}}]}<\/script>\n<!-- \/ Yoast SEO plugin. -->","yoast_head_json":{"title":"FAQ - Energy Efficiency Movement","description":"Domande frequenti sull'Energy Efficiency Movement. Come unirsi all'EEM? Costi? Requisiti? Pubblicare le storie? ecc.","robots":{"index":"index","follow":"follow","max-snippet":"max-snippet:-1","max-image-preview":"max-image-preview:large","max-video-preview":"max-video-preview:-1"},"canonical":"https:\/\/www.energyefficiencymovement.com\/it\/faq\/","og_locale":"it_IT","og_type":"article","og_title":"FAQ - Energy Efficiency Movement","og_description":"Domande frequenti sull'Energy Efficiency Movement. Come unirsi all'EEM? Costi? Requisiti? Pubblicare le storie? ecc.","og_url":"https:\/\/www.energyefficiencymovement.com\/it\/faq\/","og_site_name":"Energy Efficiency Movement","article_modified_time":"2025-08-26T15:05:43+00:00","og_image":[{"width":1551,"height":1035,"url":"https:\/\/www.energyefficiencymovement.com\/wp-content\/uploads\/2023\/10\/cta-join.jpg","type":"image\/jpeg"}],"twitter_card":"summary_large_image","schema":{"@context":"https:\/\/schema.org","@graph":[{"@type":"WebPage","@id":"https:\/\/www.energyefficiencymovement.com\/it\/faq\/","url":"https:\/\/www.energyefficiencymovement.com\/it\/faq\/","name":"FAQ - Energy Efficiency Movement","isPartOf":{"@id":"https:\/\/www.energyefficiencymovement.com\/#website"},"datePublished":"2023-09-29T10:55:54+00:00","dateModified":"2025-08-26T15:05:43+00:00","description":"Domande frequenti sull'Energy Efficiency Movement. Come unirsi all'EEM? Costi? Requisiti? Pubblicare le storie? ecc.","breadcrumb":{"@id":"https:\/\/www.energyefficiencymovement.com\/it\/faq\/#breadcrumb"},"inLanguage":"it-IT","potentialAction":[{"@type":"ReadAction","target":["https:\/\/www.energyefficiencymovement.com\/it\/faq\/"]}]},{"@type":"BreadcrumbList","@id":"https:\/\/www.energyefficiencymovement.com\/it\/faq\/#breadcrumb","itemListElement":[{"@type":"ListItem","position":1,"name":"Home","item":"https:\/\/www.energyefficiencymovement.com\/it\/"},{"@type":"ListItem","position":2,"name":"FAQ"}]},{"@type":"WebSite","@id":"https:\/\/www.energyefficiencymovement.com\/#website","url":"https:\/\/www.energyefficiencymovement.com\/","name":"Energy Efficiency Movement","description":"","publisher":{"@id":"https:\/\/www.energyefficiencymovement.com\/#organization"},"potentialAction":[{"@type":"SearchAction","target":{"@type":"EntryPoint","urlTemplate":"https:\/\/www.energyefficiencymovement.com\/?s={search_term_string}"},"query-input":"required name=search_term_string"}],"inLanguage":"it-IT"},{"@type":"Organization","@id":"https:\/\/www.energyefficiencymovement.com\/#organization","name":"Energy Efficiency Movement","url":"https:\/\/www.energyefficiencymovement.com\/","logo":{"@type":"ImageObject","inLanguage":"it-IT","@id":"https:\/\/www.energyefficiencymovement.com\/#\/schema\/logo\/image\/","url":"https:\/\/www.energyefficiencymovement.com\/wp-content\/uploads\/2023\/09\/icon-logo.png","contentUrl":"https:\/\/www.energyefficiencymovement.com\/wp-content\/uploads\/2023\/09\/icon-logo.png","width":367,"height":369,"caption":"Energy Efficiency Movement"},"image":{"@id":"https:\/\/www.energyefficiencymovement.com\/#\/schema\/logo\/image\/"}}]}},"_links":{"self":[{"href":"https:\/\/www.energyefficiencymovement.com\/it\/wp-json\/wp\/v2\/pages\/21917"}],"collection":[{"href":"https:\/\/www.energyefficiencymovement.com\/it\/wp-json\/wp\/v2\/pages"}],"about":[{"href":"https:\/\/www.energyefficiencymovement.com\/it\/wp-json\/wp\/v2\/types\/page"}],"author":[{"embeddable":true,"href":"https:\/\/www.energyefficiencymovement.com\/it\/wp-json\/wp\/v2\/users\/1"}],"replies":[{"embeddable":true,"href":"https:\/\/www.energyefficiencymovement.com\/it\/wp-json\/wp\/v2\/comments?post=21917"}],"version-history":[{"count":6,"href":"https:\/\/www.energyefficiencymovement.com\/it\/wp-json\/wp\/v2\/pages\/21917\/revisions"}],"predecessor-version":[{"id":23719,"href":"https:\/\/www.energyefficiencymovement.com\/it\/wp-json\/wp\/v2\/pages\/21917\/revisions\/23719"}],"wp:attachment":[{"href":"https:\/\/www.energyefficiencymovement.com\/it\/wp-json\/wp\/v2\/media?parent=21917"}],"curies":[{"name":"wp","href":"https:\/\/api.w.org\/{rel}","templated":true}]}}