{"id":23553,"date":"2024-04-10T09:55:28","date_gmt":"2024-04-10T06:55:28","guid":{"rendered":"https:\/\/www.energyefficiencymovement.com\/centre-dinformation-et-de-connaissances\/"},"modified":"2025-08-07T15:58:49","modified_gmt":"2025-08-07T12:58:49","slug":"centre-dinformation-et-de-connaissances","status":"publish","type":"page","link":"https:\/\/www.energyefficiencymovement.com\/fr\/centre-dinformation-et-de-connaissances\/","title":{"rendered":"Centre d&#8217;information et de connaissances"},"content":{"rendered":"\n<p class=\"lead\">Le partage des connaissances issues de la recherche et de l&#8217;innovation en mati\u00e8re d&#8217;efficacit\u00e9 \u00e9nerg\u00e9tique est essentiel pour am\u00e9liorer l&#8217;efficacit\u00e9 \u00e9nerg\u00e9tique et atteindre les objectifs de d\u00e9veloppement durable.  <\/p>\n\n<p class=\"lead\">Nous partageons ici nos propres rapports et encourageons notre communaut\u00e9 de partenaires \u00e0 partager leurs offres de formation li\u00e9es \u00e0 l&#8217;efficacit\u00e9 \u00e9nerg\u00e9tique.<\/p>\n\n<p>D\u00e9couvrez nos derniers r\u00e9sultats dans la section <strong>INSIGHTS.<\/strong> <\/p>\n\n<p><strong>THE CENTRE DE CONNAISSANCES <\/strong>propose des options d&#8217;apprentissage pour d\u00e9velopper des comp\u00e9tences en mati\u00e8re d&#8217;efficacit\u00e9 \u00e9nerg\u00e9tique.<\/p>\n","protected":false},"excerpt":{"rendered":"<p>Le partage des connaissances issues de la recherche et de l&#8217;innovation en mati\u00e8re d&#8217;efficacit\u00e9 \u00e9nerg\u00e9tique est essentiel pour am\u00e9liorer l&#8217;efficacit\u00e9 \u00e9nerg\u00e9tique et atteindre les objectifs de d\u00e9veloppement durable. Nous partageons ici nos propres rapports et encourageons notre communaut\u00e9 de partenaires \u00e0 partager leurs offres de formation li\u00e9es \u00e0 l&#8217;efficacit\u00e9 \u00e9nerg\u00e9tique. D\u00e9couvrez nos derniers r\u00e9sultats dans [&#8230;]<\/p>\n<p><a class=\"btn btn-secondary understrap-read-more-link\" href=\"https:\/\/www.energyefficiencymovement.com\/fr\/centre-dinformation-et-de-connaissances\/\">Lire la suite&#8230;<\/a><\/p>\n","protected":false},"author":1,"featured_media":17617,"parent":0,"menu_order":0,"comment_status":"closed","ping_status":"closed","template":"page-insights.php","meta":{"_monsterinsights_skip_tracking":false,"_monsterinsights_sitenote_active":false,"_monsterinsights_sitenote_note":"","_monsterinsights_sitenote_category":0,"footnotes":""},"acf":[],"yoast_head":"<!-- This site is optimized with the Yoast SEO plugin v22.6 - https:\/\/yoast.com\/wordpress\/plugins\/seo\/ -->\n<title>Centre d&#039;information et de connaissances - Energy Efficiency Movement<\/title>\n<meta name=\"description\" content=\"Le partage des id\u00e9es, des recherches et des innovations li\u00e9es \u00e0 l&#039;efficacit\u00e9 \u00e9nerg\u00e9tique est l&#039;un des meilleurs moyens d&#039;encourager et de soutenir tous nos objectifs en mati\u00e8re de d\u00e9veloppement durable.\" \/>\n<meta name=\"robots\" content=\"index, follow, max-snippet:-1, max-image-preview:large, max-video-preview:-1\" \/>\n<link rel=\"canonical\" href=\"https:\/\/www.energyefficiencymovement.com\/fr\/centre-dinformation-et-de-connaissances\/\" \/>\n<meta property=\"og:locale\" content=\"fr_FR\" \/>\n<meta property=\"og:type\" content=\"article\" \/>\n<meta property=\"og:title\" content=\"Centre d&#039;information et de connaissances - Energy Efficiency Movement\" \/>\n<meta property=\"og:description\" content=\"Le partage des id\u00e9es, des recherches et des innovations li\u00e9es \u00e0 l&#039;efficacit\u00e9 \u00e9nerg\u00e9tique est l&#039;un des meilleurs moyens d&#039;encourager et de soutenir tous nos objectifs en mati\u00e8re de d\u00e9veloppement durable.\" \/>\n<meta property=\"og:url\" content=\"https:\/\/www.energyefficiencymovement.com\/fr\/centre-dinformation-et-de-connaissances\/\" \/>\n<meta property=\"og:site_name\" content=\"Energy Efficiency Movement\" \/>\n<meta property=\"article:modified_time\" content=\"2025-08-07T12:58:49+00:00\" \/>\n<meta property=\"og:image\" content=\"https:\/\/www.energyefficiencymovement.com\/wp-content\/uploads\/2024\/07\/AdobeStock_574988259-scaled-e1721068114972.jpeg\" \/>\n\t<meta property=\"og:image:width\" content=\"2555\" \/>\n\t<meta property=\"og:image:height\" content=\"977\" \/>\n\t<meta property=\"og:image:type\" content=\"image\/jpeg\" \/>\n<meta name=\"twitter:card\" content=\"summary_large_image\" \/>\n<script type=\"application\/ld+json\" class=\"yoast-schema-graph\">{\"@context\":\"https:\/\/schema.org\",\"@graph\":[{\"@type\":\"WebPage\",\"@id\":\"https:\/\/www.energyefficiencymovement.com\/fr\/centre-dinformation-et-de-connaissances\/\",\"url\":\"https:\/\/www.energyefficiencymovement.com\/fr\/centre-dinformation-et-de-connaissances\/\",\"name\":\"Centre d'information et de connaissances - Energy Efficiency Movement\",\"isPartOf\":{\"@id\":\"https:\/\/www.energyefficiencymovement.com\/#website\"},\"primaryImageOfPage\":{\"@id\":\"https:\/\/www.energyefficiencymovement.com\/fr\/centre-dinformation-et-de-connaissances\/#primaryimage\"},\"image\":{\"@id\":\"https:\/\/www.energyefficiencymovement.com\/fr\/centre-dinformation-et-de-connaissances\/#primaryimage\"},\"thumbnailUrl\":\"https:\/\/www.energyefficiencymovement.com\/wp-content\/uploads\/2024\/07\/AdobeStock_574988259-scaled-e1721068114972.jpeg\",\"datePublished\":\"2024-04-10T06:55:28+00:00\",\"dateModified\":\"2025-08-07T12:58:49+00:00\",\"description\":\"Le partage des id\u00e9es, des recherches et des innovations li\u00e9es \u00e0 l'efficacit\u00e9 \u00e9nerg\u00e9tique est l'un des meilleurs moyens d'encourager et de soutenir tous nos objectifs en mati\u00e8re de d\u00e9veloppement durable.\",\"breadcrumb\":{\"@id\":\"https:\/\/www.energyefficiencymovement.com\/fr\/centre-dinformation-et-de-connaissances\/#breadcrumb\"},\"inLanguage\":\"fr-FR\",\"potentialAction\":[{\"@type\":\"ReadAction\",\"target\":[\"https:\/\/www.energyefficiencymovement.com\/fr\/centre-dinformation-et-de-connaissances\/\"]}]},{\"@type\":\"ImageObject\",\"inLanguage\":\"fr-FR\",\"@id\":\"https:\/\/www.energyefficiencymovement.com\/fr\/centre-dinformation-et-de-connaissances\/#primaryimage\",\"url\":\"https:\/\/www.energyefficiencymovement.com\/wp-content\/uploads\/2024\/07\/AdobeStock_574988259-scaled-e1721068114972.jpeg\",\"contentUrl\":\"https:\/\/www.energyefficiencymovement.com\/wp-content\/uploads\/2024\/07\/AdobeStock_574988259-scaled-e1721068114972.jpeg\",\"width\":2555,\"height\":977,\"caption\":\"Positive caucasian woman explains something to her african amercian focused male colleague, showing the laptop screen. They are in a bright creative office\"},{\"@type\":\"BreadcrumbList\",\"@id\":\"https:\/\/www.energyefficiencymovement.com\/fr\/centre-dinformation-et-de-connaissances\/#breadcrumb\",\"itemListElement\":[{\"@type\":\"ListItem\",\"position\":1,\"name\":\"Home\",\"item\":\"https:\/\/www.energyefficiencymovement.com\/fr\/\"},{\"@type\":\"ListItem\",\"position\":2,\"name\":\"Centre d&#8217;information et de connaissances\"}]},{\"@type\":\"WebSite\",\"@id\":\"https:\/\/www.energyefficiencymovement.com\/#website\",\"url\":\"https:\/\/www.energyefficiencymovement.com\/\",\"name\":\"Energy Efficiency Movement\",\"description\":\"\",\"publisher\":{\"@id\":\"https:\/\/www.energyefficiencymovement.com\/#organization\"},\"potentialAction\":[{\"@type\":\"SearchAction\",\"target\":{\"@type\":\"EntryPoint\",\"urlTemplate\":\"https:\/\/www.energyefficiencymovement.com\/?s={search_term_string}\"},\"query-input\":\"required name=search_term_string\"}],\"inLanguage\":\"fr-FR\"},{\"@type\":\"Organization\",\"@id\":\"https:\/\/www.energyefficiencymovement.com\/#organization\",\"name\":\"Energy Efficiency Movement\",\"url\":\"https:\/\/www.energyefficiencymovement.com\/\",\"logo\":{\"@type\":\"ImageObject\",\"inLanguage\":\"fr-FR\",\"@id\":\"https:\/\/www.energyefficiencymovement.com\/#\/schema\/logo\/image\/\",\"url\":\"https:\/\/www.energyefficiencymovement.com\/wp-content\/uploads\/2023\/09\/icon-logo.png\",\"contentUrl\":\"https:\/\/www.energyefficiencymovement.com\/wp-content\/uploads\/2023\/09\/icon-logo.png\",\"width\":367,\"height\":369,\"caption\":\"Energy Efficiency Movement\"},\"image\":{\"@id\":\"https:\/\/www.energyefficiencymovement.com\/#\/schema\/logo\/image\/\"}}]}<\/script>\n<!-- \/ Yoast SEO plugin. -->","yoast_head_json":{"title":"Centre d'information et de connaissances - Energy Efficiency Movement","description":"Le partage des id\u00e9es, des recherches et des innovations li\u00e9es \u00e0 l'efficacit\u00e9 \u00e9nerg\u00e9tique est l'un des meilleurs moyens d'encourager et de soutenir tous nos objectifs en mati\u00e8re de d\u00e9veloppement durable.","robots":{"index":"index","follow":"follow","max-snippet":"max-snippet:-1","max-image-preview":"max-image-preview:large","max-video-preview":"max-video-preview:-1"},"canonical":"https:\/\/www.energyefficiencymovement.com\/fr\/centre-dinformation-et-de-connaissances\/","og_locale":"fr_FR","og_type":"article","og_title":"Centre d'information et de connaissances - Energy Efficiency Movement","og_description":"Le partage des id\u00e9es, des recherches et des innovations li\u00e9es \u00e0 l'efficacit\u00e9 \u00e9nerg\u00e9tique est l'un des meilleurs moyens d'encourager et de soutenir tous nos objectifs en mati\u00e8re de d\u00e9veloppement durable.","og_url":"https:\/\/www.energyefficiencymovement.com\/fr\/centre-dinformation-et-de-connaissances\/","og_site_name":"Energy Efficiency Movement","article_modified_time":"2025-08-07T12:58:49+00:00","og_image":[{"width":2555,"height":977,"url":"https:\/\/www.energyefficiencymovement.com\/wp-content\/uploads\/2024\/07\/AdobeStock_574988259-scaled-e1721068114972.jpeg","type":"image\/jpeg"}],"twitter_card":"summary_large_image","schema":{"@context":"https:\/\/schema.org","@graph":[{"@type":"WebPage","@id":"https:\/\/www.energyefficiencymovement.com\/fr\/centre-dinformation-et-de-connaissances\/","url":"https:\/\/www.energyefficiencymovement.com\/fr\/centre-dinformation-et-de-connaissances\/","name":"Centre d'information et de connaissances - Energy Efficiency Movement","isPartOf":{"@id":"https:\/\/www.energyefficiencymovement.com\/#website"},"primaryImageOfPage":{"@id":"https:\/\/www.energyefficiencymovement.com\/fr\/centre-dinformation-et-de-connaissances\/#primaryimage"},"image":{"@id":"https:\/\/www.energyefficiencymovement.com\/fr\/centre-dinformation-et-de-connaissances\/#primaryimage"},"thumbnailUrl":"https:\/\/www.energyefficiencymovement.com\/wp-content\/uploads\/2024\/07\/AdobeStock_574988259-scaled-e1721068114972.jpeg","datePublished":"2024-04-10T06:55:28+00:00","dateModified":"2025-08-07T12:58:49+00:00","description":"Le partage des id\u00e9es, des recherches et des innovations li\u00e9es \u00e0 l'efficacit\u00e9 \u00e9nerg\u00e9tique est l'un des meilleurs moyens d'encourager et de soutenir tous nos objectifs en mati\u00e8re de d\u00e9veloppement durable.","breadcrumb":{"@id":"https:\/\/www.energyefficiencymovement.com\/fr\/centre-dinformation-et-de-connaissances\/#breadcrumb"},"inLanguage":"fr-FR","potentialAction":[{"@type":"ReadAction","target":["https:\/\/www.energyefficiencymovement.com\/fr\/centre-dinformation-et-de-connaissances\/"]}]},{"@type":"ImageObject","inLanguage":"fr-FR","@id":"https:\/\/www.energyefficiencymovement.com\/fr\/centre-dinformation-et-de-connaissances\/#primaryimage","url":"https:\/\/www.energyefficiencymovement.com\/wp-content\/uploads\/2024\/07\/AdobeStock_574988259-scaled-e1721068114972.jpeg","contentUrl":"https:\/\/www.energyefficiencymovement.com\/wp-content\/uploads\/2024\/07\/AdobeStock_574988259-scaled-e1721068114972.jpeg","width":2555,"height":977,"caption":"Positive caucasian woman explains something to her african amercian focused male colleague, showing the laptop screen. They are in a bright creative office"},{"@type":"BreadcrumbList","@id":"https:\/\/www.energyefficiencymovement.com\/fr\/centre-dinformation-et-de-connaissances\/#breadcrumb","itemListElement":[{"@type":"ListItem","position":1,"name":"Home","item":"https:\/\/www.energyefficiencymovement.com\/fr\/"},{"@type":"ListItem","position":2,"name":"Centre d&#8217;information et de connaissances"}]},{"@type":"WebSite","@id":"https:\/\/www.energyefficiencymovement.com\/#website","url":"https:\/\/www.energyefficiencymovement.com\/","name":"Energy Efficiency Movement","description":"","publisher":{"@id":"https:\/\/www.energyefficiencymovement.com\/#organization"},"potentialAction":[{"@type":"SearchAction","target":{"@type":"EntryPoint","urlTemplate":"https:\/\/www.energyefficiencymovement.com\/?s={search_term_string}"},"query-input":"required name=search_term_string"}],"inLanguage":"fr-FR"},{"@type":"Organization","@id":"https:\/\/www.energyefficiencymovement.com\/#organization","name":"Energy Efficiency Movement","url":"https:\/\/www.energyefficiencymovement.com\/","logo":{"@type":"ImageObject","inLanguage":"fr-FR","@id":"https:\/\/www.energyefficiencymovement.com\/#\/schema\/logo\/image\/","url":"https:\/\/www.energyefficiencymovement.com\/wp-content\/uploads\/2023\/09\/icon-logo.png","contentUrl":"https:\/\/www.energyefficiencymovement.com\/wp-content\/uploads\/2023\/09\/icon-logo.png","width":367,"height":369,"caption":"Energy Efficiency Movement"},"image":{"@id":"https:\/\/www.energyefficiencymovement.com\/#\/schema\/logo\/image\/"}}]}},"_links":{"self":[{"href":"https:\/\/www.energyefficiencymovement.com\/fr\/wp-json\/wp\/v2\/pages\/23553"}],"collection":[{"href":"https:\/\/www.energyefficiencymovement.com\/fr\/wp-json\/wp\/v2\/pages"}],"about":[{"href":"https:\/\/www.energyefficiencymovement.com\/fr\/wp-json\/wp\/v2\/types\/page"}],"author":[{"embeddable":true,"href":"https:\/\/www.energyefficiencymovement.com\/fr\/wp-json\/wp\/v2\/users\/1"}],"replies":[{"embeddable":true,"href":"https:\/\/www.energyefficiencymovement.com\/fr\/wp-json\/wp\/v2\/comments?post=23553"}],"version-history":[{"count":1,"href":"https:\/\/www.energyefficiencymovement.com\/fr\/wp-json\/wp\/v2\/pages\/23553\/revisions"}],"predecessor-version":[{"id":23554,"href":"https:\/\/www.energyefficiencymovement.com\/fr\/wp-json\/wp\/v2\/pages\/23553\/revisions\/23554"}],"wp:featuredmedia":[{"embeddable":true,"href":"https:\/\/www.energyefficiencymovement.com\/fr\/wp-json\/wp\/v2\/media\/17617"}],"wp:attachment":[{"href":"https:\/\/www.energyefficiencymovement.com\/fr\/wp-json\/wp\/v2\/media?parent=23553"}],"curies":[{"name":"wp","href":"https:\/\/api.w.org\/{rel}","templated":true}]}}