{"id":21915,"date":"2023-09-29T13:55:54","date_gmt":"2023-09-29T10:55:54","guid":{"rendered":"https:\/\/www.energyefficiencymovement.com\/preguntas-frecuentes\/"},"modified":"2025-07-01T22:34:04","modified_gmt":"2025-07-01T19:34:04","slug":"preguntas-frecuentes","status":"publish","type":"page","link":"https:\/\/www.energyefficiencymovement.com\/es\/preguntas-frecuentes\/","title":{"rendered":"PREGUNTAS FRECUENTES"},"content":{"rendered":"\n<p><strong>P: \u00bfC\u00f3mo puedo unirme al movimiento?<\/strong><\/p>\n\n<p>R: S\u00f3lo tiene que rellenar el <a href=\"https:\/\/www.energyefficiencymovement.com\/join-form\/\">formulario \u00danase al movimiento<\/a>.<\/p>\n\n<p><\/p>\n\n<p><strong>P: \u00bfC\u00f3mo puedo publicar mis historias sobre eficiencia energ\u00e9tica en esta p\u00e1gina web?<\/strong><\/p>\n\n<p>R: Despu\u00e9s de convertirse en Mover, puede rellenar este formulario para enviar su soluci\u00f3n para su publicaci\u00f3n: <a href=\"https:\/\/www.energyefficiencymovement.com\/movers-solutions\/\">https:\/\/www.energyefficiencymovement.com\/movers-solutions\/<\/a><\/p>\n\n<p><\/p>\n\n<p><strong>P: Soy un particular y no una organizaci\u00f3n. \u00bfC\u00f3mo puedo unirme al movimiento?<\/strong><\/p>\n\n<p>R: Por el momento, s\u00f3lo las organizaciones pueden unirse al Movimiento.<\/p>\n\n<p><\/p>\n\n<p><strong>P: No quiero que se publique mi promesa. \u00bfPuedo seguir formando parte del movimiento?<\/strong><\/p>\n\n<p>R: El objetivo del Movimiento por la Eficiencia Energ\u00e9tica es reunir a todas las partes interesadas para actuar en favor de la eficiencia energ\u00e9tica. El compromiso p\u00fablico es un veh\u00edculo clave para crear conciencia e impulsar la acci\u00f3n, y es una condici\u00f3n necesaria para unirse al Movimiento.<\/p>\n\n<p><\/p>\n\n<p><strong>P: \u00bfExiste alg\u00fan mecanismo de control para comprobar si los promotores cumplen su compromiso?<\/strong><\/p>\n\n<p>R: Los propios Movers son responsables de supervisar su progreso. El Movimiento es un centro de intercambio de conocimientos, de promoci\u00f3n de la eficiencia energ\u00e9tica y de sensibilizaci\u00f3n. Cada participante es plenamente responsable de su propio compromiso.<\/p>\n\n<p><\/p>\n\n<p><strong>P: \u00bfCuesta algo unirse al Movimiento?<\/strong><\/p>\n\n<p>R: Actualmente no hay cuotas para afiliarse como Mover. Se invita a las empresas que deseen afiliarse como Active Mover o Core Mover a que comprueben las condiciones de afiliaci\u00f3n y los costes descritos aqu\u00ed: <a href=\"https:\/\/www.energyefficiencymovement.com\/movers-categories\/\">https:\/\/www.energyefficiencymovement.com\/movers-categories\/<\/a><\/p>\n\n<p><\/p>\n\n<p><strong>P: Tengo varios socios en mi ecosistema que quieren unirse. \u00bfCu\u00e1l es la forma m\u00e1s f\u00e1cil de que formen parte del movimiento?<\/strong><\/p>\n\n<p>R: De la misma forma que usted, rellenando el <a href=\"https:\/\/www.energyefficiencymovement.com\/join-form\/\">formulario \u00danase al Movimiento -.<\/a><\/p>\n\n<p><\/p>\n\n<p><strong>P: \u00bfQui\u00e9n inici\u00f3 este movimiento?<\/strong><\/p>\n\n<p>R: El Movimiento fue iniciado por ABB en marzo de 2021 y pas\u00f3 a ser una asociaci\u00f3n en mayo de 2024. ABB y Alfa Laval son miembros fundadores de la asociaci\u00f3n.<\/p>\n\n<p><\/p>\n\n<p><strong>P: \u00bfPor qu\u00e9 est\u00e1 inscripto el EEM en el Registro de Transparencia de la UE?<\/strong><\/p>\n\n<p>R: El EEM se inscribi\u00f3 en el Registro de Transparencia de la UE (N\u00famero REG: 365376396312-27) para demostrar su compromiso con la apertura y la integridad de acuerdo con sus Estatutos y su C\u00f3digo de Conducta y para permitir al EEM compartir sus conocimientos y experiencia con el fin de promover soluciones y tecnolog\u00edas energ\u00e9ticamente eficientes y acelerar la transici\u00f3n hacia econom\u00edas energ\u00e9ticamente eficientes. Adem\u00e1s, en 2025 el EEM ha tenido el privilegio de ser el socio de la 10\u00aa conferencia sobre eficiencia energ\u00e9tica de la AIE junto con la Comisi\u00f3n Europea.<\/p>\n","protected":false},"excerpt":{"rendered":"<p>P: \u00bfC\u00f3mo puedo unirme al movimiento? R: S\u00f3lo tiene que rellenar el formulario \u00danase al movimiento. P: \u00bfC\u00f3mo puedo publicar mis historias sobre eficiencia energ\u00e9tica en esta p\u00e1gina web? R: Despu\u00e9s de convertirse en Mover, puede rellenar este formulario para enviar su soluci\u00f3n para su publicaci\u00f3n: https:\/\/www.energyefficiencymovement.com\/movers-solutions\/ P: Soy un particular y no una organizaci\u00f3n. [&#8230;]<\/p>\n<p><a class=\"btn btn-secondary understrap-read-more-link\" href=\"https:\/\/www.energyefficiencymovement.com\/es\/preguntas-frecuentes\/\">Leer m\u00e1s&#8230;<\/a><\/p>\n","protected":false},"author":1,"featured_media":0,"parent":0,"menu_order":0,"comment_status":"closed","ping_status":"closed","template":"","meta":{"_monsterinsights_skip_tracking":false,"_monsterinsights_sitenote_active":false,"_monsterinsights_sitenote_note":"","_monsterinsights_sitenote_category":0,"footnotes":""},"acf":[],"yoast_head":"<!-- This site is optimized with the Yoast SEO plugin v22.6 - https:\/\/yoast.com\/wordpress\/plugins\/seo\/ -->\n<title>PREGUNTAS FRECUENTES - Energy Efficiency Movement<\/title>\n<meta name=\"description\" content=\"Preguntas frecuentes sobre el Movimiento por la Eficiencia Energ\u00e9tica. \u00bfC\u00f3mo puedo unirme? \u00bfCosto? \u00bfRequerimientos? \u00bfPublicar historias? etc.\" \/>\n<meta name=\"robots\" content=\"index, follow, max-snippet:-1, max-image-preview:large, max-video-preview:-1\" \/>\n<link rel=\"canonical\" href=\"https:\/\/www.energyefficiencymovement.com\/es\/preguntas-frecuentes\/\" \/>\n<meta property=\"og:locale\" content=\"es_ES\" \/>\n<meta property=\"og:type\" content=\"article\" \/>\n<meta property=\"og:title\" content=\"PREGUNTAS FRECUENTES - Energy Efficiency Movement\" \/>\n<meta property=\"og:description\" content=\"Preguntas frecuentes sobre el Movimiento por la Eficiencia Energ\u00e9tica. \u00bfC\u00f3mo puedo unirme? \u00bfCosto? \u00bfRequerimientos? \u00bfPublicar historias? etc.\" \/>\n<meta property=\"og:url\" content=\"https:\/\/www.energyefficiencymovement.com\/es\/preguntas-frecuentes\/\" \/>\n<meta property=\"og:site_name\" content=\"Energy Efficiency Movement\" \/>\n<meta property=\"article:modified_time\" content=\"2025-07-01T19:34:04+00:00\" \/>\n<meta property=\"og:image\" content=\"https:\/\/www.energyefficiencymovement.com\/wp-content\/uploads\/2023\/10\/cta-join.jpg\" \/>\n\t<meta property=\"og:image:width\" content=\"1551\" \/>\n\t<meta property=\"og:image:height\" content=\"1035\" \/>\n\t<meta property=\"og:image:type\" content=\"image\/jpeg\" \/>\n<meta name=\"twitter:card\" content=\"summary_large_image\" \/>\n<script type=\"application\/ld+json\" class=\"yoast-schema-graph\">{\"@context\":\"https:\/\/schema.org\",\"@graph\":[{\"@type\":\"WebPage\",\"@id\":\"https:\/\/www.energyefficiencymovement.com\/es\/preguntas-frecuentes\/\",\"url\":\"https:\/\/www.energyefficiencymovement.com\/es\/preguntas-frecuentes\/\",\"name\":\"PREGUNTAS FRECUENTES - Energy Efficiency Movement\",\"isPartOf\":{\"@id\":\"https:\/\/www.energyefficiencymovement.com\/#website\"},\"datePublished\":\"2023-09-29T10:55:54+00:00\",\"dateModified\":\"2025-07-01T19:34:04+00:00\",\"description\":\"Preguntas frecuentes sobre el Movimiento por la Eficiencia Energ\u00e9tica. \u00bfC\u00f3mo puedo unirme? \u00bfCosto? \u00bfRequerimientos? \u00bfPublicar historias? etc.\",\"breadcrumb\":{\"@id\":\"https:\/\/www.energyefficiencymovement.com\/es\/preguntas-frecuentes\/#breadcrumb\"},\"inLanguage\":\"es\",\"potentialAction\":[{\"@type\":\"ReadAction\",\"target\":[\"https:\/\/www.energyefficiencymovement.com\/es\/preguntas-frecuentes\/\"]}]},{\"@type\":\"BreadcrumbList\",\"@id\":\"https:\/\/www.energyefficiencymovement.com\/es\/preguntas-frecuentes\/#breadcrumb\",\"itemListElement\":[{\"@type\":\"ListItem\",\"position\":1,\"name\":\"Home\",\"item\":\"https:\/\/www.energyefficiencymovement.com\/es\/\"},{\"@type\":\"ListItem\",\"position\":2,\"name\":\"PREGUNTAS FRECUENTES\"}]},{\"@type\":\"WebSite\",\"@id\":\"https:\/\/www.energyefficiencymovement.com\/#website\",\"url\":\"https:\/\/www.energyefficiencymovement.com\/\",\"name\":\"Energy Efficiency Movement\",\"description\":\"\",\"publisher\":{\"@id\":\"https:\/\/www.energyefficiencymovement.com\/#organization\"},\"potentialAction\":[{\"@type\":\"SearchAction\",\"target\":{\"@type\":\"EntryPoint\",\"urlTemplate\":\"https:\/\/www.energyefficiencymovement.com\/?s={search_term_string}\"},\"query-input\":\"required name=search_term_string\"}],\"inLanguage\":\"es\"},{\"@type\":\"Organization\",\"@id\":\"https:\/\/www.energyefficiencymovement.com\/#organization\",\"name\":\"Energy Efficiency Movement\",\"url\":\"https:\/\/www.energyefficiencymovement.com\/\",\"logo\":{\"@type\":\"ImageObject\",\"inLanguage\":\"es\",\"@id\":\"https:\/\/www.energyefficiencymovement.com\/#\/schema\/logo\/image\/\",\"url\":\"https:\/\/www.energyefficiencymovement.com\/wp-content\/uploads\/2023\/09\/icon-logo.png\",\"contentUrl\":\"https:\/\/www.energyefficiencymovement.com\/wp-content\/uploads\/2023\/09\/icon-logo.png\",\"width\":367,\"height\":369,\"caption\":\"Energy Efficiency Movement\"},\"image\":{\"@id\":\"https:\/\/www.energyefficiencymovement.com\/#\/schema\/logo\/image\/\"}}]}<\/script>\n<!-- \/ Yoast SEO plugin. -->","yoast_head_json":{"title":"PREGUNTAS FRECUENTES - Energy Efficiency Movement","description":"Preguntas frecuentes sobre el Movimiento por la Eficiencia Energ\u00e9tica. \u00bfC\u00f3mo puedo unirme? \u00bfCosto? \u00bfRequerimientos? \u00bfPublicar historias? etc.","robots":{"index":"index","follow":"follow","max-snippet":"max-snippet:-1","max-image-preview":"max-image-preview:large","max-video-preview":"max-video-preview:-1"},"canonical":"https:\/\/www.energyefficiencymovement.com\/es\/preguntas-frecuentes\/","og_locale":"es_ES","og_type":"article","og_title":"PREGUNTAS FRECUENTES - Energy Efficiency Movement","og_description":"Preguntas frecuentes sobre el Movimiento por la Eficiencia Energ\u00e9tica. \u00bfC\u00f3mo puedo unirme? \u00bfCosto? \u00bfRequerimientos? \u00bfPublicar historias? etc.","og_url":"https:\/\/www.energyefficiencymovement.com\/es\/preguntas-frecuentes\/","og_site_name":"Energy Efficiency Movement","article_modified_time":"2025-07-01T19:34:04+00:00","og_image":[{"width":1551,"height":1035,"url":"https:\/\/www.energyefficiencymovement.com\/wp-content\/uploads\/2023\/10\/cta-join.jpg","type":"image\/jpeg"}],"twitter_card":"summary_large_image","schema":{"@context":"https:\/\/schema.org","@graph":[{"@type":"WebPage","@id":"https:\/\/www.energyefficiencymovement.com\/es\/preguntas-frecuentes\/","url":"https:\/\/www.energyefficiencymovement.com\/es\/preguntas-frecuentes\/","name":"PREGUNTAS FRECUENTES - Energy Efficiency Movement","isPartOf":{"@id":"https:\/\/www.energyefficiencymovement.com\/#website"},"datePublished":"2023-09-29T10:55:54+00:00","dateModified":"2025-07-01T19:34:04+00:00","description":"Preguntas frecuentes sobre el Movimiento por la Eficiencia Energ\u00e9tica. \u00bfC\u00f3mo puedo unirme? \u00bfCosto? \u00bfRequerimientos? \u00bfPublicar historias? etc.","breadcrumb":{"@id":"https:\/\/www.energyefficiencymovement.com\/es\/preguntas-frecuentes\/#breadcrumb"},"inLanguage":"es","potentialAction":[{"@type":"ReadAction","target":["https:\/\/www.energyefficiencymovement.com\/es\/preguntas-frecuentes\/"]}]},{"@type":"BreadcrumbList","@id":"https:\/\/www.energyefficiencymovement.com\/es\/preguntas-frecuentes\/#breadcrumb","itemListElement":[{"@type":"ListItem","position":1,"name":"Home","item":"https:\/\/www.energyefficiencymovement.com\/es\/"},{"@type":"ListItem","position":2,"name":"PREGUNTAS FRECUENTES"}]},{"@type":"WebSite","@id":"https:\/\/www.energyefficiencymovement.com\/#website","url":"https:\/\/www.energyefficiencymovement.com\/","name":"Energy Efficiency Movement","description":"","publisher":{"@id":"https:\/\/www.energyefficiencymovement.com\/#organization"},"potentialAction":[{"@type":"SearchAction","target":{"@type":"EntryPoint","urlTemplate":"https:\/\/www.energyefficiencymovement.com\/?s={search_term_string}"},"query-input":"required name=search_term_string"}],"inLanguage":"es"},{"@type":"Organization","@id":"https:\/\/www.energyefficiencymovement.com\/#organization","name":"Energy Efficiency Movement","url":"https:\/\/www.energyefficiencymovement.com\/","logo":{"@type":"ImageObject","inLanguage":"es","@id":"https:\/\/www.energyefficiencymovement.com\/#\/schema\/logo\/image\/","url":"https:\/\/www.energyefficiencymovement.com\/wp-content\/uploads\/2023\/09\/icon-logo.png","contentUrl":"https:\/\/www.energyefficiencymovement.com\/wp-content\/uploads\/2023\/09\/icon-logo.png","width":367,"height":369,"caption":"Energy Efficiency Movement"},"image":{"@id":"https:\/\/www.energyefficiencymovement.com\/#\/schema\/logo\/image\/"}}]}},"_links":{"self":[{"href":"https:\/\/www.energyefficiencymovement.com\/es\/wp-json\/wp\/v2\/pages\/21915"}],"collection":[{"href":"https:\/\/www.energyefficiencymovement.com\/es\/wp-json\/wp\/v2\/pages"}],"about":[{"href":"https:\/\/www.energyefficiencymovement.com\/es\/wp-json\/wp\/v2\/types\/page"}],"author":[{"embeddable":true,"href":"https:\/\/www.energyefficiencymovement.com\/es\/wp-json\/wp\/v2\/users\/1"}],"replies":[{"embeddable":true,"href":"https:\/\/www.energyefficiencymovement.com\/es\/wp-json\/wp\/v2\/comments?post=21915"}],"version-history":[{"count":2,"href":"https:\/\/www.energyefficiencymovement.com\/es\/wp-json\/wp\/v2\/pages\/21915\/revisions"}],"predecessor-version":[{"id":23331,"href":"https:\/\/www.energyefficiencymovement.com\/es\/wp-json\/wp\/v2\/pages\/21915\/revisions\/23331"}],"wp:attachment":[{"href":"https:\/\/www.energyefficiencymovement.com\/es\/wp-json\/wp\/v2\/media?parent=21915"}],"curies":[{"name":"wp","href":"https:\/\/api.w.org\/{rel}","templated":true}]}}