{"id":20406,"date":"2024-04-11T10:50:22","date_gmt":"2024-04-11T07:50:22","guid":{"rendered":"https:\/\/www.energyefficiencymovement.com\/insights-2\/preparacion-para-la-inversion\/"},"modified":"2024-12-19T13:37:12","modified_gmt":"2024-12-19T11:37:12","slug":"preparacion-para-la-inversion","status":"publish","type":"page","link":"https:\/\/www.energyefficiencymovement.com\/es\/preparacion-para-la-inversion\/","title":{"rendered":"Preparaci\u00f3n para la inversi\u00f3n"},"content":{"rendered":"\n<div class=\"wp-block-columns is-layout-flex wp-container-3 wp-block-columns-is-layout-flex\">\n<div class=\"wp-block-column is-layout-flow wp-block-column-is-layout-flow\" style=\"flex-basis:66.66%\">\n<p class=\"largeText\">Es importante escuchar lo que dice la industria sobre la eficiencia energ\u00e9tica y comprender los planes que hay en marcha para impulsar la transici\u00f3n energ\u00e9tica. Cuando lo hagamos estaremos mejor situados para decidir c\u00f3mo deben dirigirse nuestros esfuerzos futuros. Una encuesta revela una aceleraci\u00f3n de la inversi\u00f3n en mejoras de la eficiencia energ\u00e9tica en toda la industria.    <\/p>\n\n\n\n<p>Nuestras encuestas globales las realiza un tercero en los sectores de la fabricaci\u00f3n, el transporte, la industria pesada, la industria ligera y la energ\u00eda. Las empresas encuestadas van desde las peque\u00f1as empresas con menos de 100 empleados hasta las que facturan 5.000 millones de d\u00f3lares y tienen m\u00e1s de 5.000 trabajadores. El objetivo de estas encuestas es conocer los planes actuales y futuros de estas industrias para invertir en eficiencia energ\u00e9tica dirigida al uso de la energ\u00eda, la eficiencia energ\u00e9tica, la optimizaci\u00f3n de procesos o la mejora empresarial.  <\/p>\n\n\n\n<p><a href=\"https:\/\/www.energyefficiencymovement.com\/wp-content\/uploads\/2024\/04\/New-report-shows-increase-in-the-number-of-businesses-investing-in-energy-efficiency-up-7-percent-from-2022.pdf\">Informe 2024: Comunicado de prensa (16 de abril de 2024)<\/a><\/p>\n<\/div>\n\n\n\n<div class=\"wp-block-column is-layout-flow wp-block-column-is-layout-flow\" style=\"flex-basis:33.33%\">\n<div style=\"height:15px\" aria-hidden=\"true\" class=\"wp-block-spacer\"><\/div>\n\n\n\n<p><strong>Descargar el documento Eficiencia energ\u00e9tica<\/strong><br\/><strong><strong>preparaci\u00f3n para la inversi\u00f3n<\/strong><\/strong> <strong>informe:<\/strong><\/p>\n\n\n\n<div style=\"height:15px\" aria-hidden=\"true\" class=\"wp-block-spacer\"><\/div>\n\n\n\n<a href=\"https:\/\/www.energyefficiencymovement.com\/wp-content\/uploads\/2024\/04\/EEM_Survey_Report_2024_DW_0416_V1.pdf\" target=\"_blank\" rel=\"noreferrer noopener\" class=\"btn btnEEM btnBlack shadow-none\">Informe 2024 ><\/a>\n\n\n\n<div style=\"height:25px\" aria-hidden=\"true\" class=\"wp-block-spacer\"><\/div>\n\n\n\n<a href=\"https:\/\/www.energyefficiencymovement.com\/wp-content\/uploads\/2023\/01\/ABB_EE_2022-05-Survey-Report-2022.pdf\" target=\"_blank\" rel=\"noreferrer noopener\" class=\"btn btnEEM btnBlack shadow-none\">Informe 2022 ><\/a>\n<\/div>\n<\/div>\n","protected":false},"excerpt":{"rendered":"<p>Es importante escuchar lo que dice la industria sobre la eficiencia energ\u00e9tica y comprender los planes que hay en marcha para impulsar la transici\u00f3n energ\u00e9tica. Cuando lo hagamos estaremos mejor situados para decidir c\u00f3mo deben dirigirse nuestros esfuerzos futuros. Una encuesta revela una aceleraci\u00f3n de la inversi\u00f3n en mejoras de la eficiencia energ\u00e9tica en toda [&#8230;]<\/p>\n<p><a class=\"btn btn-secondary understrap-read-more-link\" href=\"https:\/\/www.energyefficiencymovement.com\/es\/preparacion-para-la-inversion\/\">Leer m\u00e1s&#8230;<\/a><\/p>\n","protected":false},"author":1,"featured_media":17095,"parent":20040,"menu_order":0,"comment_status":"closed","ping_status":"closed","template":"page-investment-readiness-individual.php","meta":{"_monsterinsights_skip_tracking":false,"_monsterinsights_sitenote_active":false,"_monsterinsights_sitenote_note":"","_monsterinsights_sitenote_category":0,"footnotes":""},"acf":[],"yoast_head":"<!-- This site is optimized with the Yoast SEO plugin v22.6 - https:\/\/yoast.com\/wordpress\/plugins\/seo\/ -->\n<title>Preparaci\u00f3n para la inversi\u00f3n - Energy Efficiency Movement<\/title>\n<meta name=\"description\" content=\"La encuesta revela una aceleraci\u00f3n de la inversi\u00f3n en mejoras de la eficiencia energ\u00e9tica en toda la industria.\" \/>\n<meta name=\"robots\" content=\"index, follow, max-snippet:-1, max-image-preview:large, max-video-preview:-1\" \/>\n<link rel=\"canonical\" href=\"https:\/\/www.energyefficiencymovement.com\/es\/preparacion-para-la-inversion\/\" \/>\n<meta property=\"og:locale\" content=\"es_ES\" \/>\n<meta property=\"og:type\" content=\"article\" \/>\n<meta property=\"og:title\" content=\"Preparaci\u00f3n para la inversi\u00f3n - Energy Efficiency Movement\" \/>\n<meta property=\"og:description\" content=\"La encuesta revela una aceleraci\u00f3n de la inversi\u00f3n en mejoras de la eficiencia energ\u00e9tica en toda la industria.\" \/>\n<meta property=\"og:url\" content=\"https:\/\/www.energyefficiencymovement.com\/es\/preparacion-para-la-inversion\/\" \/>\n<meta property=\"og:site_name\" content=\"Energy Efficiency Movement\" \/>\n<meta property=\"article:modified_time\" content=\"2024-12-19T11:37:12+00:00\" \/>\n<meta property=\"og:image\" content=\"https:\/\/www.energyefficiencymovement.com\/wp-content\/uploads\/2024\/04\/eem-investment-readiness-hero-scaled.jpg\" \/>\n\t<meta property=\"og:image:width\" content=\"2560\" \/>\n\t<meta property=\"og:image:height\" content=\"957\" \/>\n\t<meta property=\"og:image:type\" content=\"image\/jpeg\" \/>\n<meta name=\"twitter:card\" content=\"summary_large_image\" \/>\n<script type=\"application\/ld+json\" class=\"yoast-schema-graph\">{\"@context\":\"https:\/\/schema.org\",\"@graph\":[{\"@type\":\"WebPage\",\"@id\":\"https:\/\/www.energyefficiencymovement.com\/es\/preparacion-para-la-inversion\/\",\"url\":\"https:\/\/www.energyefficiencymovement.com\/es\/preparacion-para-la-inversion\/\",\"name\":\"Preparaci\u00f3n para la inversi\u00f3n - Energy Efficiency Movement\",\"isPartOf\":{\"@id\":\"https:\/\/www.energyefficiencymovement.com\/#website\"},\"primaryImageOfPage\":{\"@id\":\"https:\/\/www.energyefficiencymovement.com\/es\/preparacion-para-la-inversion\/#primaryimage\"},\"image\":{\"@id\":\"https:\/\/www.energyefficiencymovement.com\/es\/preparacion-para-la-inversion\/#primaryimage\"},\"thumbnailUrl\":\"https:\/\/www.energyefficiencymovement.com\/wp-content\/uploads\/2024\/04\/eem-investment-readiness-hero-scaled.jpg\",\"datePublished\":\"2024-04-11T07:50:22+00:00\",\"dateModified\":\"2024-12-19T11:37:12+00:00\",\"description\":\"La encuesta revela una aceleraci\u00f3n de la inversi\u00f3n en mejoras de la eficiencia energ\u00e9tica en toda la industria.\",\"breadcrumb\":{\"@id\":\"https:\/\/www.energyefficiencymovement.com\/es\/preparacion-para-la-inversion\/#breadcrumb\"},\"inLanguage\":\"es\",\"potentialAction\":[{\"@type\":\"ReadAction\",\"target\":[\"https:\/\/www.energyefficiencymovement.com\/es\/preparacion-para-la-inversion\/\"]}]},{\"@type\":\"ImageObject\",\"inLanguage\":\"es\",\"@id\":\"https:\/\/www.energyefficiencymovement.com\/es\/preparacion-para-la-inversion\/#primaryimage\",\"url\":\"https:\/\/www.energyefficiencymovement.com\/wp-content\/uploads\/2024\/04\/eem-investment-readiness-hero-scaled.jpg\",\"contentUrl\":\"https:\/\/www.energyefficiencymovement.com\/wp-content\/uploads\/2024\/04\/eem-investment-readiness-hero-scaled.jpg\",\"width\":2560,\"height\":957},{\"@type\":\"BreadcrumbList\",\"@id\":\"https:\/\/www.energyefficiencymovement.com\/es\/preparacion-para-la-inversion\/#breadcrumb\",\"itemListElement\":[{\"@type\":\"ListItem\",\"position\":1,\"name\":\"Home\",\"item\":\"https:\/\/www.energyefficiencymovement.com\/es\/\"},{\"@type\":\"ListItem\",\"position\":2,\"name\":\"Insights\",\"item\":\"https:\/\/www.energyefficiencymovement.com\/es\/\"},{\"@type\":\"ListItem\",\"position\":3,\"name\":\"Preparaci\u00f3n para la inversi\u00f3n\"}]},{\"@type\":\"WebSite\",\"@id\":\"https:\/\/www.energyefficiencymovement.com\/#website\",\"url\":\"https:\/\/www.energyefficiencymovement.com\/\",\"name\":\"Energy Efficiency Movement\",\"description\":\"\",\"publisher\":{\"@id\":\"https:\/\/www.energyefficiencymovement.com\/#organization\"},\"potentialAction\":[{\"@type\":\"SearchAction\",\"target\":{\"@type\":\"EntryPoint\",\"urlTemplate\":\"https:\/\/www.energyefficiencymovement.com\/?s={search_term_string}\"},\"query-input\":\"required name=search_term_string\"}],\"inLanguage\":\"es\"},{\"@type\":\"Organization\",\"@id\":\"https:\/\/www.energyefficiencymovement.com\/#organization\",\"name\":\"Energy Efficiency Movement\",\"url\":\"https:\/\/www.energyefficiencymovement.com\/\",\"logo\":{\"@type\":\"ImageObject\",\"inLanguage\":\"es\",\"@id\":\"https:\/\/www.energyefficiencymovement.com\/#\/schema\/logo\/image\/\",\"url\":\"https:\/\/www.energyefficiencymovement.com\/wp-content\/uploads\/2023\/09\/icon-logo.png\",\"contentUrl\":\"https:\/\/www.energyefficiencymovement.com\/wp-content\/uploads\/2023\/09\/icon-logo.png\",\"width\":367,\"height\":369,\"caption\":\"Energy Efficiency Movement\"},\"image\":{\"@id\":\"https:\/\/www.energyefficiencymovement.com\/#\/schema\/logo\/image\/\"}}]}<\/script>\n<!-- \/ Yoast SEO plugin. -->","yoast_head_json":{"title":"Preparaci\u00f3n para la inversi\u00f3n - Energy Efficiency Movement","description":"La encuesta revela una aceleraci\u00f3n de la inversi\u00f3n en mejoras de la eficiencia energ\u00e9tica en toda la industria.","robots":{"index":"index","follow":"follow","max-snippet":"max-snippet:-1","max-image-preview":"max-image-preview:large","max-video-preview":"max-video-preview:-1"},"canonical":"https:\/\/www.energyefficiencymovement.com\/es\/preparacion-para-la-inversion\/","og_locale":"es_ES","og_type":"article","og_title":"Preparaci\u00f3n para la inversi\u00f3n - Energy Efficiency Movement","og_description":"La encuesta revela una aceleraci\u00f3n de la inversi\u00f3n en mejoras de la eficiencia energ\u00e9tica en toda la industria.","og_url":"https:\/\/www.energyefficiencymovement.com\/es\/preparacion-para-la-inversion\/","og_site_name":"Energy Efficiency Movement","article_modified_time":"2024-12-19T11:37:12+00:00","og_image":[{"width":2560,"height":957,"url":"https:\/\/www.energyefficiencymovement.com\/wp-content\/uploads\/2024\/04\/eem-investment-readiness-hero-scaled.jpg","type":"image\/jpeg"}],"twitter_card":"summary_large_image","schema":{"@context":"https:\/\/schema.org","@graph":[{"@type":"WebPage","@id":"https:\/\/www.energyefficiencymovement.com\/es\/preparacion-para-la-inversion\/","url":"https:\/\/www.energyefficiencymovement.com\/es\/preparacion-para-la-inversion\/","name":"Preparaci\u00f3n para la inversi\u00f3n - Energy Efficiency Movement","isPartOf":{"@id":"https:\/\/www.energyefficiencymovement.com\/#website"},"primaryImageOfPage":{"@id":"https:\/\/www.energyefficiencymovement.com\/es\/preparacion-para-la-inversion\/#primaryimage"},"image":{"@id":"https:\/\/www.energyefficiencymovement.com\/es\/preparacion-para-la-inversion\/#primaryimage"},"thumbnailUrl":"https:\/\/www.energyefficiencymovement.com\/wp-content\/uploads\/2024\/04\/eem-investment-readiness-hero-scaled.jpg","datePublished":"2024-04-11T07:50:22+00:00","dateModified":"2024-12-19T11:37:12+00:00","description":"La encuesta revela una aceleraci\u00f3n de la inversi\u00f3n en mejoras de la eficiencia energ\u00e9tica en toda la industria.","breadcrumb":{"@id":"https:\/\/www.energyefficiencymovement.com\/es\/preparacion-para-la-inversion\/#breadcrumb"},"inLanguage":"es","potentialAction":[{"@type":"ReadAction","target":["https:\/\/www.energyefficiencymovement.com\/es\/preparacion-para-la-inversion\/"]}]},{"@type":"ImageObject","inLanguage":"es","@id":"https:\/\/www.energyefficiencymovement.com\/es\/preparacion-para-la-inversion\/#primaryimage","url":"https:\/\/www.energyefficiencymovement.com\/wp-content\/uploads\/2024\/04\/eem-investment-readiness-hero-scaled.jpg","contentUrl":"https:\/\/www.energyefficiencymovement.com\/wp-content\/uploads\/2024\/04\/eem-investment-readiness-hero-scaled.jpg","width":2560,"height":957},{"@type":"BreadcrumbList","@id":"https:\/\/www.energyefficiencymovement.com\/es\/preparacion-para-la-inversion\/#breadcrumb","itemListElement":[{"@type":"ListItem","position":1,"name":"Home","item":"https:\/\/www.energyefficiencymovement.com\/es\/"},{"@type":"ListItem","position":2,"name":"Insights","item":"https:\/\/www.energyefficiencymovement.com\/es\/"},{"@type":"ListItem","position":3,"name":"Preparaci\u00f3n para la inversi\u00f3n"}]},{"@type":"WebSite","@id":"https:\/\/www.energyefficiencymovement.com\/#website","url":"https:\/\/www.energyefficiencymovement.com\/","name":"Energy Efficiency Movement","description":"","publisher":{"@id":"https:\/\/www.energyefficiencymovement.com\/#organization"},"potentialAction":[{"@type":"SearchAction","target":{"@type":"EntryPoint","urlTemplate":"https:\/\/www.energyefficiencymovement.com\/?s={search_term_string}"},"query-input":"required name=search_term_string"}],"inLanguage":"es"},{"@type":"Organization","@id":"https:\/\/www.energyefficiencymovement.com\/#organization","name":"Energy Efficiency Movement","url":"https:\/\/www.energyefficiencymovement.com\/","logo":{"@type":"ImageObject","inLanguage":"es","@id":"https:\/\/www.energyefficiencymovement.com\/#\/schema\/logo\/image\/","url":"https:\/\/www.energyefficiencymovement.com\/wp-content\/uploads\/2023\/09\/icon-logo.png","contentUrl":"https:\/\/www.energyefficiencymovement.com\/wp-content\/uploads\/2023\/09\/icon-logo.png","width":367,"height":369,"caption":"Energy Efficiency Movement"},"image":{"@id":"https:\/\/www.energyefficiencymovement.com\/#\/schema\/logo\/image\/"}}]}},"_links":{"self":[{"href":"https:\/\/www.energyefficiencymovement.com\/es\/wp-json\/wp\/v2\/pages\/20406"}],"collection":[{"href":"https:\/\/www.energyefficiencymovement.com\/es\/wp-json\/wp\/v2\/pages"}],"about":[{"href":"https:\/\/www.energyefficiencymovement.com\/es\/wp-json\/wp\/v2\/types\/page"}],"author":[{"embeddable":true,"href":"https:\/\/www.energyefficiencymovement.com\/es\/wp-json\/wp\/v2\/users\/1"}],"replies":[{"embeddable":true,"href":"https:\/\/www.energyefficiencymovement.com\/es\/wp-json\/wp\/v2\/comments?post=20406"}],"version-history":[{"count":1,"href":"https:\/\/www.energyefficiencymovement.com\/es\/wp-json\/wp\/v2\/pages\/20406\/revisions"}],"predecessor-version":[{"id":20407,"href":"https:\/\/www.energyefficiencymovement.com\/es\/wp-json\/wp\/v2\/pages\/20406\/revisions\/20407"}],"up":[{"embeddable":true,"href":"https:\/\/www.energyefficiencymovement.com\/es\/wp-json\/wp\/v2\/pages\/20040"}],"wp:featuredmedia":[{"embeddable":true,"href":"https:\/\/www.energyefficiencymovement.com\/es\/wp-json\/wp\/v2\/media\/17095"}],"wp:attachment":[{"href":"https:\/\/www.energyefficiencymovement.com\/es\/wp-json\/wp\/v2\/media?parent=20406"}],"curies":[{"name":"wp","href":"https:\/\/api.w.org\/{rel}","templated":true}]}}