{"id":20392,"date":"2023-10-18T10:11:45","date_gmt":"2023-10-18T07:11:45","guid":{"rendered":"https:\/\/www.energyefficiencymovement.com\/insights-2\/eficiencia-industrial\/"},"modified":"2025-01-15T09:59:03","modified_gmt":"2025-01-15T07:59:03","slug":"eficiencia-industrial","status":"publish","type":"page","link":"https:\/\/www.energyefficiencymovement.com\/es\/eficiencia-industrial\/","title":{"rendered":"Eficiencia industrial"},"content":{"rendered":"\n<h2 class=\"wp-block-heading\">El imperativo de la industria<\/h2>\n\n\n\n<div style=\"height:20px\" aria-hidden=\"true\" class=\"wp-block-spacer\"><\/div>\n\n\n\n<p class=\"lead\">Seg\u00fan la Asociaci\u00f3n Internacional de la Energ\u00eda (AIE), las mejoras en la eficiencia energ\u00e9tica son esenciales para lograr los objetivos del Acuerdo de Par\u00eds y <strong>alcanzar el objetivo de cero emisiones netas en 2050<\/strong>.<\/p>\n\n\n\n<p class=\"lead\">Sin embargo, para conseguirlo ser\u00e1 necesario duplicar el ritmo de progreso en materia de eficiencia energ\u00e9tica hasta 2030. Ante este reto, como una de las mayores fuentes de emisiones de gases de efecto invernadero, las organizaciones industriales y comerciales necesitan cambiar su forma de operar. <\/p>\n\n\n\n<p class=\"lead\">Nuestro nuevo informe, &#8220;<strong>El caso de la eficiencia energ\u00e9tica industrial<\/strong>&#8220;, expone los impactos financieros y de carbono de 10 acciones clave de eficiencia energ\u00e9tica que las empresas pueden tomar, a trav\u00e9s de tres pilares estrat\u00e9gicos: construir una base de eficiencia, impulsar los rendimientos de la eficiencia y obtener conocimientos de eficiencia.<\/p>\n\n\n\n<p class=\"lead\"><strong>El argumento comercial es claro<\/strong>: tanto si se trata de mejorar las cuentas de resultados de las empresas como de contener el calentamiento planetario, la eficiencia energ\u00e9tica sale a cuenta.<\/p>\n\n\n\n<div style=\"height:20px\" aria-hidden=\"true\" class=\"wp-block-spacer\"><\/div>\n","protected":false},"excerpt":{"rendered":"<p>El imperativo de la industria Seg\u00fan la Asociaci\u00f3n Internacional de la Energ\u00eda (AIE), las mejoras en la eficiencia energ\u00e9tica son esenciales para lograr los objetivos del Acuerdo de Par\u00eds y alcanzar el objetivo de cero emisiones netas en 2050. Sin embargo, para conseguirlo ser\u00e1 necesario duplicar el ritmo de progreso en materia de eficiencia energ\u00e9tica [&#8230;]<\/p>\n<p><a class=\"btn btn-secondary understrap-read-more-link\" href=\"https:\/\/www.energyefficiencymovement.com\/es\/eficiencia-industrial\/\">Leer m\u00e1s&#8230;<\/a><\/p>\n","protected":false},"author":7,"featured_media":16270,"parent":20040,"menu_order":0,"comment_status":"closed","ping_status":"closed","template":"page-insightsindividual.php","meta":{"_monsterinsights_skip_tracking":false,"_monsterinsights_sitenote_active":false,"_monsterinsights_sitenote_note":"","_monsterinsights_sitenote_category":0,"footnotes":""},"acf":[],"yoast_head":"<!-- This site is optimized with the Yoast SEO plugin v22.6 - https:\/\/yoast.com\/wordpress\/plugins\/seo\/ -->\n<title>Eficiencia industrial - Energy Efficiency Movement<\/title>\n<meta name=\"description\" content=\"Nuestro nuevo informe, &quot;El caso de la eficiencia energ\u00e9tica industrial&quot;, expone los impactos financieros y de carbono de 10 acciones clave de eficiencia energ\u00e9tica que pueden emprender las empresas.\" \/>\n<meta name=\"robots\" content=\"index, follow, max-snippet:-1, max-image-preview:large, max-video-preview:-1\" \/>\n<link rel=\"canonical\" href=\"https:\/\/www.energyefficiencymovement.com\/es\/eficiencia-industrial\/\" \/>\n<meta property=\"og:locale\" content=\"es_ES\" \/>\n<meta property=\"og:type\" content=\"article\" \/>\n<meta property=\"og:title\" content=\"Eficiencia industrial - Energy Efficiency Movement\" \/>\n<meta property=\"og:description\" content=\"Nuestro nuevo informe, &quot;El caso de la eficiencia energ\u00e9tica industrial&quot;, expone los impactos financieros y de carbono de 10 acciones clave de eficiencia energ\u00e9tica que pueden emprender las empresas.\" \/>\n<meta property=\"og:url\" content=\"https:\/\/www.energyefficiencymovement.com\/es\/eficiencia-industrial\/\" \/>\n<meta property=\"og:site_name\" content=\"Energy Efficiency Movement\" \/>\n<meta property=\"article:modified_time\" content=\"2025-01-15T07:59:03+00:00\" \/>\n<meta property=\"og:image\" content=\"https:\/\/www.energyefficiencymovement.com\/wp-content\/uploads\/2023\/10\/hero-landingpage-case-for_gradient.jpg\" \/>\n\t<meta property=\"og:image:width\" content=\"1900\" \/>\n\t<meta property=\"og:image:height\" content=\"1069\" \/>\n\t<meta property=\"og:image:type\" content=\"image\/jpeg\" \/>\n<meta name=\"twitter:card\" content=\"summary_large_image\" \/>\n<script type=\"application\/ld+json\" class=\"yoast-schema-graph\">{\"@context\":\"https:\/\/schema.org\",\"@graph\":[{\"@type\":\"WebPage\",\"@id\":\"https:\/\/www.energyefficiencymovement.com\/es\/eficiencia-industrial\/\",\"url\":\"https:\/\/www.energyefficiencymovement.com\/es\/eficiencia-industrial\/\",\"name\":\"Eficiencia industrial - Energy Efficiency Movement\",\"isPartOf\":{\"@id\":\"https:\/\/www.energyefficiencymovement.com\/#website\"},\"primaryImageOfPage\":{\"@id\":\"https:\/\/www.energyefficiencymovement.com\/es\/eficiencia-industrial\/#primaryimage\"},\"image\":{\"@id\":\"https:\/\/www.energyefficiencymovement.com\/es\/eficiencia-industrial\/#primaryimage\"},\"thumbnailUrl\":\"https:\/\/www.energyefficiencymovement.com\/wp-content\/uploads\/2023\/10\/hero-landingpage-case-for_gradient.jpg\",\"datePublished\":\"2023-10-18T07:11:45+00:00\",\"dateModified\":\"2025-01-15T07:59:03+00:00\",\"description\":\"Nuestro nuevo informe, \\\"El caso de la eficiencia energ\u00e9tica industrial\\\", expone los impactos financieros y de carbono de 10 acciones clave de eficiencia energ\u00e9tica que pueden emprender las empresas.\",\"breadcrumb\":{\"@id\":\"https:\/\/www.energyefficiencymovement.com\/es\/eficiencia-industrial\/#breadcrumb\"},\"inLanguage\":\"es\",\"potentialAction\":[{\"@type\":\"ReadAction\",\"target\":[\"https:\/\/www.energyefficiencymovement.com\/es\/eficiencia-industrial\/\"]}]},{\"@type\":\"ImageObject\",\"inLanguage\":\"es\",\"@id\":\"https:\/\/www.energyefficiencymovement.com\/es\/eficiencia-industrial\/#primaryimage\",\"url\":\"https:\/\/www.energyefficiencymovement.com\/wp-content\/uploads\/2023\/10\/hero-landingpage-case-for_gradient.jpg\",\"contentUrl\":\"https:\/\/www.energyefficiencymovement.com\/wp-content\/uploads\/2023\/10\/hero-landingpage-case-for_gradient.jpg\",\"width\":1900,\"height\":1069},{\"@type\":\"BreadcrumbList\",\"@id\":\"https:\/\/www.energyefficiencymovement.com\/es\/eficiencia-industrial\/#breadcrumb\",\"itemListElement\":[{\"@type\":\"ListItem\",\"position\":1,\"name\":\"Home\",\"item\":\"https:\/\/www.energyefficiencymovement.com\/es\/\"},{\"@type\":\"ListItem\",\"position\":2,\"name\":\"Insights\",\"item\":\"https:\/\/www.energyefficiencymovement.com\/es\/\"},{\"@type\":\"ListItem\",\"position\":3,\"name\":\"Eficiencia industrial\"}]},{\"@type\":\"WebSite\",\"@id\":\"https:\/\/www.energyefficiencymovement.com\/#website\",\"url\":\"https:\/\/www.energyefficiencymovement.com\/\",\"name\":\"Energy Efficiency Movement\",\"description\":\"\",\"publisher\":{\"@id\":\"https:\/\/www.energyefficiencymovement.com\/#organization\"},\"potentialAction\":[{\"@type\":\"SearchAction\",\"target\":{\"@type\":\"EntryPoint\",\"urlTemplate\":\"https:\/\/www.energyefficiencymovement.com\/?s={search_term_string}\"},\"query-input\":\"required name=search_term_string\"}],\"inLanguage\":\"es\"},{\"@type\":\"Organization\",\"@id\":\"https:\/\/www.energyefficiencymovement.com\/#organization\",\"name\":\"Energy Efficiency Movement\",\"url\":\"https:\/\/www.energyefficiencymovement.com\/\",\"logo\":{\"@type\":\"ImageObject\",\"inLanguage\":\"es\",\"@id\":\"https:\/\/www.energyefficiencymovement.com\/#\/schema\/logo\/image\/\",\"url\":\"https:\/\/www.energyefficiencymovement.com\/wp-content\/uploads\/2023\/09\/icon-logo.png\",\"contentUrl\":\"https:\/\/www.energyefficiencymovement.com\/wp-content\/uploads\/2023\/09\/icon-logo.png\",\"width\":367,\"height\":369,\"caption\":\"Energy Efficiency Movement\"},\"image\":{\"@id\":\"https:\/\/www.energyefficiencymovement.com\/#\/schema\/logo\/image\/\"}}]}<\/script>\n<!-- \/ Yoast SEO plugin. -->","yoast_head_json":{"title":"Eficiencia industrial - Energy Efficiency Movement","description":"Nuestro nuevo informe, \"El caso de la eficiencia energ\u00e9tica industrial\", expone los impactos financieros y de carbono de 10 acciones clave de eficiencia energ\u00e9tica que pueden emprender las empresas.","robots":{"index":"index","follow":"follow","max-snippet":"max-snippet:-1","max-image-preview":"max-image-preview:large","max-video-preview":"max-video-preview:-1"},"canonical":"https:\/\/www.energyefficiencymovement.com\/es\/eficiencia-industrial\/","og_locale":"es_ES","og_type":"article","og_title":"Eficiencia industrial - Energy Efficiency Movement","og_description":"Nuestro nuevo informe, \"El caso de la eficiencia energ\u00e9tica industrial\", expone los impactos financieros y de carbono de 10 acciones clave de eficiencia energ\u00e9tica que pueden emprender las empresas.","og_url":"https:\/\/www.energyefficiencymovement.com\/es\/eficiencia-industrial\/","og_site_name":"Energy Efficiency Movement","article_modified_time":"2025-01-15T07:59:03+00:00","og_image":[{"width":1900,"height":1069,"url":"https:\/\/www.energyefficiencymovement.com\/wp-content\/uploads\/2023\/10\/hero-landingpage-case-for_gradient.jpg","type":"image\/jpeg"}],"twitter_card":"summary_large_image","schema":{"@context":"https:\/\/schema.org","@graph":[{"@type":"WebPage","@id":"https:\/\/www.energyefficiencymovement.com\/es\/eficiencia-industrial\/","url":"https:\/\/www.energyefficiencymovement.com\/es\/eficiencia-industrial\/","name":"Eficiencia industrial - Energy Efficiency Movement","isPartOf":{"@id":"https:\/\/www.energyefficiencymovement.com\/#website"},"primaryImageOfPage":{"@id":"https:\/\/www.energyefficiencymovement.com\/es\/eficiencia-industrial\/#primaryimage"},"image":{"@id":"https:\/\/www.energyefficiencymovement.com\/es\/eficiencia-industrial\/#primaryimage"},"thumbnailUrl":"https:\/\/www.energyefficiencymovement.com\/wp-content\/uploads\/2023\/10\/hero-landingpage-case-for_gradient.jpg","datePublished":"2023-10-18T07:11:45+00:00","dateModified":"2025-01-15T07:59:03+00:00","description":"Nuestro nuevo informe, \"El caso de la eficiencia energ\u00e9tica industrial\", expone los impactos financieros y de carbono de 10 acciones clave de eficiencia energ\u00e9tica que pueden emprender las empresas.","breadcrumb":{"@id":"https:\/\/www.energyefficiencymovement.com\/es\/eficiencia-industrial\/#breadcrumb"},"inLanguage":"es","potentialAction":[{"@type":"ReadAction","target":["https:\/\/www.energyefficiencymovement.com\/es\/eficiencia-industrial\/"]}]},{"@type":"ImageObject","inLanguage":"es","@id":"https:\/\/www.energyefficiencymovement.com\/es\/eficiencia-industrial\/#primaryimage","url":"https:\/\/www.energyefficiencymovement.com\/wp-content\/uploads\/2023\/10\/hero-landingpage-case-for_gradient.jpg","contentUrl":"https:\/\/www.energyefficiencymovement.com\/wp-content\/uploads\/2023\/10\/hero-landingpage-case-for_gradient.jpg","width":1900,"height":1069},{"@type":"BreadcrumbList","@id":"https:\/\/www.energyefficiencymovement.com\/es\/eficiencia-industrial\/#breadcrumb","itemListElement":[{"@type":"ListItem","position":1,"name":"Home","item":"https:\/\/www.energyefficiencymovement.com\/es\/"},{"@type":"ListItem","position":2,"name":"Insights","item":"https:\/\/www.energyefficiencymovement.com\/es\/"},{"@type":"ListItem","position":3,"name":"Eficiencia industrial"}]},{"@type":"WebSite","@id":"https:\/\/www.energyefficiencymovement.com\/#website","url":"https:\/\/www.energyefficiencymovement.com\/","name":"Energy Efficiency Movement","description":"","publisher":{"@id":"https:\/\/www.energyefficiencymovement.com\/#organization"},"potentialAction":[{"@type":"SearchAction","target":{"@type":"EntryPoint","urlTemplate":"https:\/\/www.energyefficiencymovement.com\/?s={search_term_string}"},"query-input":"required name=search_term_string"}],"inLanguage":"es"},{"@type":"Organization","@id":"https:\/\/www.energyefficiencymovement.com\/#organization","name":"Energy Efficiency Movement","url":"https:\/\/www.energyefficiencymovement.com\/","logo":{"@type":"ImageObject","inLanguage":"es","@id":"https:\/\/www.energyefficiencymovement.com\/#\/schema\/logo\/image\/","url":"https:\/\/www.energyefficiencymovement.com\/wp-content\/uploads\/2023\/09\/icon-logo.png","contentUrl":"https:\/\/www.energyefficiencymovement.com\/wp-content\/uploads\/2023\/09\/icon-logo.png","width":367,"height":369,"caption":"Energy Efficiency Movement"},"image":{"@id":"https:\/\/www.energyefficiencymovement.com\/#\/schema\/logo\/image\/"}}]}},"_links":{"self":[{"href":"https:\/\/www.energyefficiencymovement.com\/es\/wp-json\/wp\/v2\/pages\/20392"}],"collection":[{"href":"https:\/\/www.energyefficiencymovement.com\/es\/wp-json\/wp\/v2\/pages"}],"about":[{"href":"https:\/\/www.energyefficiencymovement.com\/es\/wp-json\/wp\/v2\/types\/page"}],"author":[{"embeddable":true,"href":"https:\/\/www.energyefficiencymovement.com\/es\/wp-json\/wp\/v2\/users\/7"}],"replies":[{"embeddable":true,"href":"https:\/\/www.energyefficiencymovement.com\/es\/wp-json\/wp\/v2\/comments?post=20392"}],"version-history":[{"count":4,"href":"https:\/\/www.energyefficiencymovement.com\/es\/wp-json\/wp\/v2\/pages\/20392\/revisions"}],"predecessor-version":[{"id":21938,"href":"https:\/\/www.energyefficiencymovement.com\/es\/wp-json\/wp\/v2\/pages\/20392\/revisions\/21938"}],"up":[{"embeddable":true,"href":"https:\/\/www.energyefficiencymovement.com\/es\/wp-json\/wp\/v2\/pages\/20040"}],"wp:featuredmedia":[{"embeddable":true,"href":"https:\/\/www.energyefficiencymovement.com\/es\/wp-json\/wp\/v2\/media\/16270"}],"wp:attachment":[{"href":"https:\/\/www.energyefficiencymovement.com\/es\/wp-json\/wp\/v2\/media?parent=20392"}],"curies":[{"name":"wp","href":"https:\/\/api.w.org\/{rel}","templated":true}]}}