{"id":21919,"date":"2023-09-29T13:55:54","date_gmt":"2023-09-29T10:55:54","guid":{"rendered":"https:\/\/www.energyefficiencymovement.com\/faq\/"},"modified":"2025-07-18T13:20:54","modified_gmt":"2025-07-18T10:20:54","slug":"faq","status":"publish","type":"page","link":"https:\/\/www.energyefficiencymovement.com\/de\/faq\/","title":{"rendered":"FAQ"},"content":{"rendered":"\n<p><strong>F: Wie kann ich mich der Initiative anschlie\u00dfen?<\/strong><\/p>\n\n<p>A: F\u00fcllen Sie einfach das <a href=\"https:\/\/www.energyefficiencymovement.com\/join-form\/\">Formular Join the Movement<\/a> aus.<\/p>\n\n<p><\/p>\n\n<p><strong>F: Wie kann ich meine Energieeffizienzl\u00f6sungen auf der Website ver\u00f6ffentlichen?<\/strong><\/p>\n\n<p>A: Nachdem Sie ein Mover geworden sind, k\u00f6nnen Sie dieses Formular ausf\u00fcllen, um Ihre L\u00f6sung zur Ver\u00f6ffentlichung zu schicken: <a href=\"https:\/\/www.energyefficiencymovement.com\/movers-solutions\/\">https:\/\/www.energyefficiencymovement.com\/movers-solutions\/<\/a><\/p>\n\n<p><\/p>\n\n<p><strong>F: Ich bin eine Privatperson und keine Organisation. Wie kann ich mich der Bewegung anschlie\u00dfen?<\/strong><\/p>\n\n<p>A: Im Moment k\u00f6nnen nur Organisationen der Initiative beitreten.<\/p>\n\n<p><\/p>\n\n<p><strong>F: Ich m\u00f6chte nicht, dass mein Versprechen ver\u00f6ffentlicht wird. Kann ich immer noch Teil der Initiative sein?<\/strong><\/p>\n\n<p>A: Das Ziel der Energieeffizienz-Initiative ist es, alle Interessengruppen zusammenzubringen, um im Bereich der Energieeffizienz zu handeln. \u00d6ffentliches Engagement ist ein wichtiges Instrument, um Bewusstsein zu schaffen und Aktionen voranzutreiben, und es ist eine notwendige Voraussetzung f\u00fcr den Beitritt zur Bewegung.<\/p>\n\n<p><\/p>\n\n<p><strong>F: Gibt es Kontrollmechanismen, um zu sehen, ob die Movers ihr Versprechen einhalten?<\/strong><\/p>\n\n<p>A: Die Movers sind selbst f\u00fcr die \u00dcberwachung ihrer Fortschritte verantwortlich. Die Initiative ist eine Drehscheibe f\u00fcr den Austausch von Wissen, die F\u00f6rderung von Energieeffizienz und die Verbreitung von Bewusstsein. Jeder Teilnehmer ist f\u00fcr sein eigenes Engagement voll verantwortlich.<\/p>\n\n<p><\/p>\n\n<p><strong>F: Kostet es etwas, der Initiative beizutreten?<\/strong><\/p>\n\n<p>A: Derzeit gibt es keine Geb\u00fchren f\u00fcr die Kategorie Mover. Unternehmen, die als Active Mover oder Core Mover beitreten m\u00f6chten, werden gebeten, die Bedingungen und Kosten der Mitgliedschaft zu pr\u00fcfen, die hier beschrieben sind: <a href=\"https:\/\/www.energyefficiencymovement.com\/movers-categories\/\">https:\/\/www.energyefficiencymovement.com\/movers-categories\/<\/a><\/p>\n\n<p><\/p>\n\n<p><strong>F: Ich habe mehrere Partner in meinem \u00d6kosystem, die sich anschlie\u00dfen m\u00f6chten. Wie k\u00f6nnen sie sich am einfachsten an der Initiative beteiligen?<\/strong><\/p>\n\n<p>A: Sie k\u00f6nnen das <a href=\"https:\/\/www.energyefficiencymovement.com\/join-form\/\">Formular Join the Movement &#8211;<\/a> ausf\u00fcllen.<\/p>\n\n<p><\/p>\n\n<p><strong>F: Wer hat diese Initiative initiiert?<\/strong><\/p>\n\n<p>A: Die Bewegung wurde im M\u00e4rz 2021 von ABB initiiert und im Mai 2024 in einen Verein umgewandelt. ABB und Alfa Laval sind Gr\u00fcndungsmitglieder des Vereins.<\/p>\n\n<p><\/p>\n\n<p><strong>F: Warum ist das EEM im EU-Transparenzregister eingetragen?<\/strong><\/p>\n\n<p>A: Die EEM hat sich in das EU-Transparenzregister (REG-Nummer: 365376396312-27) eintragen lassen, um ihr Engagement f\u00fcr Offenheit und Integrit\u00e4t im Einklang mit ihrer Satzung und ihrem Verhaltenskodex zu demonstrieren und es der EEM zu erm\u00f6glichen, ihr Wissen und ihre Erfahrung weiterzugeben, um energieeffiziente L\u00f6sungen und Technologien zu f\u00f6rdern und den \u00dcbergang zu energieeffizienten Volkswirtschaften zu beschleunigen. Dar\u00fcber hinaus hatte die EEM im Jahr 2025 das Privileg, zusammen mit der Europ\u00e4ischen Kommission Partner der 10. IEA-Energieeffizienzkonferenz zu sein.<\/p>\n","protected":false},"excerpt":{"rendered":"<p>F: Wie kann ich mich der Initiative anschlie\u00dfen? A: F\u00fcllen Sie einfach das Formular Join the Movement aus. F: Wie kann ich meine Energieeffizienzl\u00f6sungen auf der Website ver\u00f6ffentlichen? A: Nachdem Sie ein Mover geworden sind, k\u00f6nnen Sie dieses Formular ausf\u00fcllen, um Ihre L\u00f6sung zur Ver\u00f6ffentlichung zu schicken: https:\/\/www.energyefficiencymovement.com\/movers-solutions\/ F: Ich bin eine Privatperson und keine [&#8230;]<\/p>\n<p><a class=\"btn btn-secondary understrap-read-more-link\" href=\"https:\/\/www.energyefficiencymovement.com\/de\/faq\/\">Weiterlesen&#8230;<\/a><\/p>\n","protected":false},"author":1,"featured_media":0,"parent":0,"menu_order":0,"comment_status":"closed","ping_status":"closed","template":"","meta":{"_monsterinsights_skip_tracking":false,"_monsterinsights_sitenote_active":false,"_monsterinsights_sitenote_note":"","_monsterinsights_sitenote_category":0,"footnotes":""},"acf":[],"yoast_head":"<!-- This site is optimized with the Yoast SEO plugin v22.6 - https:\/\/yoast.com\/wordpress\/plugins\/seo\/ -->\n<title>FAQ - Energy Efficiency Movement<\/title>\n<meta name=\"description\" content=\"Frequently Asked Questions about the Energy Efficiency Movement. How to join? Cost? Requirements? Publishing stories? etc.\" \/>\n<meta name=\"robots\" content=\"index, follow, max-snippet:-1, max-image-preview:large, max-video-preview:-1\" \/>\n<link rel=\"canonical\" href=\"https:\/\/www.energyefficiencymovement.com\/de\/faq\/\" \/>\n<meta property=\"og:locale\" content=\"de_DE\" \/>\n<meta property=\"og:type\" content=\"article\" \/>\n<meta property=\"og:title\" content=\"FAQ - Energy Efficiency Movement\" \/>\n<meta property=\"og:description\" content=\"Frequently Asked Questions about the Energy Efficiency Movement. How to join? Cost? Requirements? Publishing stories? etc.\" \/>\n<meta property=\"og:url\" content=\"https:\/\/www.energyefficiencymovement.com\/de\/faq\/\" \/>\n<meta property=\"og:site_name\" content=\"Energy Efficiency Movement\" \/>\n<meta property=\"article:modified_time\" content=\"2025-07-18T10:20:54+00:00\" \/>\n<meta property=\"og:image\" content=\"https:\/\/www.energyefficiencymovement.com\/wp-content\/uploads\/2023\/10\/cta-join.jpg\" \/>\n\t<meta property=\"og:image:width\" content=\"1551\" \/>\n\t<meta property=\"og:image:height\" content=\"1035\" \/>\n\t<meta property=\"og:image:type\" content=\"image\/jpeg\" \/>\n<meta name=\"twitter:card\" content=\"summary_large_image\" \/>\n<script type=\"application\/ld+json\" class=\"yoast-schema-graph\">{\"@context\":\"https:\/\/schema.org\",\"@graph\":[{\"@type\":\"WebPage\",\"@id\":\"https:\/\/www.energyefficiencymovement.com\/de\/faq\/\",\"url\":\"https:\/\/www.energyefficiencymovement.com\/de\/faq\/\",\"name\":\"FAQ - Energy Efficiency Movement\",\"isPartOf\":{\"@id\":\"https:\/\/www.energyefficiencymovement.com\/#website\"},\"datePublished\":\"2023-09-29T10:55:54+00:00\",\"dateModified\":\"2025-07-18T10:20:54+00:00\",\"description\":\"Frequently Asked Questions about the Energy Efficiency Movement. How to join? Cost? Requirements? Publishing stories? etc.\",\"breadcrumb\":{\"@id\":\"https:\/\/www.energyefficiencymovement.com\/de\/faq\/#breadcrumb\"},\"inLanguage\":\"de\",\"potentialAction\":[{\"@type\":\"ReadAction\",\"target\":[\"https:\/\/www.energyefficiencymovement.com\/de\/faq\/\"]}]},{\"@type\":\"BreadcrumbList\",\"@id\":\"https:\/\/www.energyefficiencymovement.com\/de\/faq\/#breadcrumb\",\"itemListElement\":[{\"@type\":\"ListItem\",\"position\":1,\"name\":\"Home\",\"item\":\"https:\/\/www.energyefficiencymovement.com\/de\/\"},{\"@type\":\"ListItem\",\"position\":2,\"name\":\"FAQ\"}]},{\"@type\":\"WebSite\",\"@id\":\"https:\/\/www.energyefficiencymovement.com\/#website\",\"url\":\"https:\/\/www.energyefficiencymovement.com\/\",\"name\":\"Energy Efficiency Movement\",\"description\":\"\",\"publisher\":{\"@id\":\"https:\/\/www.energyefficiencymovement.com\/#organization\"},\"potentialAction\":[{\"@type\":\"SearchAction\",\"target\":{\"@type\":\"EntryPoint\",\"urlTemplate\":\"https:\/\/www.energyefficiencymovement.com\/?s={search_term_string}\"},\"query-input\":\"required name=search_term_string\"}],\"inLanguage\":\"de\"},{\"@type\":\"Organization\",\"@id\":\"https:\/\/www.energyefficiencymovement.com\/#organization\",\"name\":\"Energy Efficiency Movement\",\"url\":\"https:\/\/www.energyefficiencymovement.com\/\",\"logo\":{\"@type\":\"ImageObject\",\"inLanguage\":\"de\",\"@id\":\"https:\/\/www.energyefficiencymovement.com\/#\/schema\/logo\/image\/\",\"url\":\"https:\/\/www.energyefficiencymovement.com\/wp-content\/uploads\/2023\/09\/icon-logo.png\",\"contentUrl\":\"https:\/\/www.energyefficiencymovement.com\/wp-content\/uploads\/2023\/09\/icon-logo.png\",\"width\":367,\"height\":369,\"caption\":\"Energy Efficiency Movement\"},\"image\":{\"@id\":\"https:\/\/www.energyefficiencymovement.com\/#\/schema\/logo\/image\/\"}}]}<\/script>\n<!-- \/ Yoast SEO plugin. -->","yoast_head_json":{"title":"FAQ - Energy Efficiency Movement","description":"Frequently Asked Questions about the Energy Efficiency Movement. How to join? Cost? Requirements? Publishing stories? etc.","robots":{"index":"index","follow":"follow","max-snippet":"max-snippet:-1","max-image-preview":"max-image-preview:large","max-video-preview":"max-video-preview:-1"},"canonical":"https:\/\/www.energyefficiencymovement.com\/de\/faq\/","og_locale":"de_DE","og_type":"article","og_title":"FAQ - Energy Efficiency Movement","og_description":"Frequently Asked Questions about the Energy Efficiency Movement. How to join? Cost? Requirements? Publishing stories? etc.","og_url":"https:\/\/www.energyefficiencymovement.com\/de\/faq\/","og_site_name":"Energy Efficiency Movement","article_modified_time":"2025-07-18T10:20:54+00:00","og_image":[{"width":1551,"height":1035,"url":"https:\/\/www.energyefficiencymovement.com\/wp-content\/uploads\/2023\/10\/cta-join.jpg","type":"image\/jpeg"}],"twitter_card":"summary_large_image","schema":{"@context":"https:\/\/schema.org","@graph":[{"@type":"WebPage","@id":"https:\/\/www.energyefficiencymovement.com\/de\/faq\/","url":"https:\/\/www.energyefficiencymovement.com\/de\/faq\/","name":"FAQ - Energy Efficiency Movement","isPartOf":{"@id":"https:\/\/www.energyefficiencymovement.com\/#website"},"datePublished":"2023-09-29T10:55:54+00:00","dateModified":"2025-07-18T10:20:54+00:00","description":"Frequently Asked Questions about the Energy Efficiency Movement. How to join? Cost? Requirements? Publishing stories? etc.","breadcrumb":{"@id":"https:\/\/www.energyefficiencymovement.com\/de\/faq\/#breadcrumb"},"inLanguage":"de","potentialAction":[{"@type":"ReadAction","target":["https:\/\/www.energyefficiencymovement.com\/de\/faq\/"]}]},{"@type":"BreadcrumbList","@id":"https:\/\/www.energyefficiencymovement.com\/de\/faq\/#breadcrumb","itemListElement":[{"@type":"ListItem","position":1,"name":"Home","item":"https:\/\/www.energyefficiencymovement.com\/de\/"},{"@type":"ListItem","position":2,"name":"FAQ"}]},{"@type":"WebSite","@id":"https:\/\/www.energyefficiencymovement.com\/#website","url":"https:\/\/www.energyefficiencymovement.com\/","name":"Energy Efficiency Movement","description":"","publisher":{"@id":"https:\/\/www.energyefficiencymovement.com\/#organization"},"potentialAction":[{"@type":"SearchAction","target":{"@type":"EntryPoint","urlTemplate":"https:\/\/www.energyefficiencymovement.com\/?s={search_term_string}"},"query-input":"required name=search_term_string"}],"inLanguage":"de"},{"@type":"Organization","@id":"https:\/\/www.energyefficiencymovement.com\/#organization","name":"Energy Efficiency Movement","url":"https:\/\/www.energyefficiencymovement.com\/","logo":{"@type":"ImageObject","inLanguage":"de","@id":"https:\/\/www.energyefficiencymovement.com\/#\/schema\/logo\/image\/","url":"https:\/\/www.energyefficiencymovement.com\/wp-content\/uploads\/2023\/09\/icon-logo.png","contentUrl":"https:\/\/www.energyefficiencymovement.com\/wp-content\/uploads\/2023\/09\/icon-logo.png","width":367,"height":369,"caption":"Energy Efficiency Movement"},"image":{"@id":"https:\/\/www.energyefficiencymovement.com\/#\/schema\/logo\/image\/"}}]}},"_links":{"self":[{"href":"https:\/\/www.energyefficiencymovement.com\/de\/wp-json\/wp\/v2\/pages\/21919"}],"collection":[{"href":"https:\/\/www.energyefficiencymovement.com\/de\/wp-json\/wp\/v2\/pages"}],"about":[{"href":"https:\/\/www.energyefficiencymovement.com\/de\/wp-json\/wp\/v2\/types\/page"}],"author":[{"embeddable":true,"href":"https:\/\/www.energyefficiencymovement.com\/de\/wp-json\/wp\/v2\/users\/1"}],"replies":[{"embeddable":true,"href":"https:\/\/www.energyefficiencymovement.com\/de\/wp-json\/wp\/v2\/comments?post=21919"}],"version-history":[{"count":2,"href":"https:\/\/www.energyefficiencymovement.com\/de\/wp-json\/wp\/v2\/pages\/21919\/revisions"}],"predecessor-version":[{"id":23435,"href":"https:\/\/www.energyefficiencymovement.com\/de\/wp-json\/wp\/v2\/pages\/21919\/revisions\/23435"}],"wp:attachment":[{"href":"https:\/\/www.energyefficiencymovement.com\/de\/wp-json\/wp\/v2\/media?parent=21919"}],"curies":[{"name":"wp","href":"https:\/\/api.w.org\/{rel}","templated":true}]}}