{"id":20410,"date":"2024-04-11T10:50:22","date_gmt":"2024-04-11T07:50:22","guid":{"rendered":"https:\/\/www.energyefficiencymovement.com\/einsichten\/bereitschaft-zur-investition\/"},"modified":"2024-12-19T13:38:41","modified_gmt":"2024-12-19T11:38:41","slug":"bereitschaft-zur-investition","status":"publish","type":"page","link":"https:\/\/www.energyefficiencymovement.com\/de\/bereitschaft-zur-investition\/","title":{"rendered":"Bereitschaft zur Investition"},"content":{"rendered":"\n<div class=\"wp-block-columns is-layout-flex wp-container-3 wp-block-columns-is-layout-flex\">\n<div class=\"wp-block-column is-layout-flow wp-block-column-is-layout-flow\" style=\"flex-basis:66.66%\">\n<p class=\"largeText\">Es ist wichtig, auf das zu h\u00f6ren, was die Industrie \u00fcber Energieeffizienz sagt, und die Pl\u00e4ne zu verstehen, mit denen die Energiewende vorangetrieben werden soll. Wenn wir dies tun, sind wir am besten in der Lage zu entscheiden, wie unsere zuk\u00fcnftigen Bem\u00fchungen ausgerichtet werden sollten. Umfrage zeigt branchenweite Beschleunigung der Investitionen in Verbesserungen der Energieeffizienz.    <\/p>\n\n\n\n<p>Unsere globalen Umfragen werden von einer dritten Partei in den Branchen Fertigung, Transport, Schwerindustrie, Leichtindustrie und Energie durchgef\u00fchrt. Die befragten Unternehmen reichten von kleinen Unternehmen mit weniger als 100 Mitarbeitern bis hin zu solchen mit einem Umsatz von 5 Milliarden Dollar und mehr als 5.000 Besch\u00e4ftigten. Ziel dieser Umfragen ist es, Einblicke in die aktuellen und zuk\u00fcnftigen Pl\u00e4ne dieser Branchen zu gewinnen, in Energieeffizienz zu investieren, die auf Energieverbrauch, Energieeffizienz, Prozessoptimierung oder Gesch\u00e4ftsverbesserung ausgerichtet sind.  <\/p>\n\n\n\n<p><a href=\"https:\/\/www.energyefficiencymovement.com\/wp-content\/uploads\/2024\/04\/New-report-shows-increase-in-the-number-of-businesses-investing-in-energy-efficiency-up-7-percent-from-2022.pdf\">2024 Bericht: Pressemitteilung (April 16, 2024)<\/a><\/p>\n<\/div>\n\n\n\n<div class=\"wp-block-column is-layout-flow wp-block-column-is-layout-flow\" style=\"flex-basis:33.33%\">\n<div style=\"height:15px\" aria-hidden=\"true\" class=\"wp-block-spacer\"><\/div>\n\n\n\n<p><strong>Laden Sie das Dokument Energieeffizienz<\/strong><br\/><strong><strong>Investitionsbereitschaft<\/strong><\/strong> <strong>Bericht:<\/strong><\/p>\n\n\n\n<div style=\"height:15px\" aria-hidden=\"true\" class=\"wp-block-spacer\"><\/div>\n\n\n\n<a href=\"https:\/\/www.energyefficiencymovement.com\/wp-content\/uploads\/2024\/04\/EEM_Survey_Report_2024_DW_0416_V1.pdf\" target=\"_blank\" rel=\"noreferrer noopener\" class=\"btn btnEEM btnBlack shadow-none\">2024 Bericht ><\/a>\n\n\n\n<div style=\"height:25px\" aria-hidden=\"true\" class=\"wp-block-spacer\"><\/div>\n\n\n\n<a href=\"https:\/\/www.energyefficiencymovement.com\/wp-content\/uploads\/2023\/01\/ABB_EE_2022-05-Survey-Report-2022.pdf\" target=\"_blank\" rel=\"noreferrer noopener\" class=\"btn btnEEM btnBlack shadow-none\">2022 Bericht ><\/a>\n<\/div>\n<\/div>\n","protected":false},"excerpt":{"rendered":"<p>Es ist wichtig, auf das zu h\u00f6ren, was die Industrie \u00fcber Energieeffizienz sagt, und die Pl\u00e4ne zu verstehen, mit denen die Energiewende vorangetrieben werden soll. Wenn wir dies tun, sind wir am besten in der Lage zu entscheiden, wie unsere zuk\u00fcnftigen Bem\u00fchungen ausgerichtet werden sollten. Umfrage zeigt branchenweite Beschleunigung der Investitionen in Verbesserungen der Energieeffizienz. [&#8230;]<\/p>\n<p><a class=\"btn btn-secondary understrap-read-more-link\" href=\"https:\/\/www.energyefficiencymovement.com\/de\/bereitschaft-zur-investition\/\">Weiterlesen&#8230;<\/a><\/p>\n","protected":false},"author":1,"featured_media":17093,"parent":20044,"menu_order":0,"comment_status":"closed","ping_status":"closed","template":"page-investment-readiness-individual.php","meta":{"_monsterinsights_skip_tracking":false,"_monsterinsights_sitenote_active":false,"_monsterinsights_sitenote_note":"","_monsterinsights_sitenote_category":0,"footnotes":""},"acf":[],"yoast_head":"<!-- This site is optimized with the Yoast SEO plugin v22.6 - https:\/\/yoast.com\/wordpress\/plugins\/seo\/ -->\n<title>Bereitschaft zur Investition - Energy Efficiency Movement<\/title>\n<meta name=\"description\" content=\"Umfrage zeigt branchenweite Beschleunigung der Investitionen in Verbesserungen der Energieeffizienz.\" \/>\n<meta name=\"robots\" content=\"index, follow, max-snippet:-1, max-image-preview:large, max-video-preview:-1\" \/>\n<link rel=\"canonical\" href=\"https:\/\/www.energyefficiencymovement.com\/de\/bereitschaft-zur-investition\/\" \/>\n<meta property=\"og:locale\" content=\"de_DE\" \/>\n<meta property=\"og:type\" content=\"article\" \/>\n<meta property=\"og:title\" content=\"Bereitschaft zur Investition - Energy Efficiency Movement\" \/>\n<meta property=\"og:description\" content=\"Umfrage zeigt branchenweite Beschleunigung der Investitionen in Verbesserungen der Energieeffizienz.\" \/>\n<meta property=\"og:url\" content=\"https:\/\/www.energyefficiencymovement.com\/de\/bereitschaft-zur-investition\/\" \/>\n<meta property=\"og:site_name\" content=\"Energy Efficiency Movement\" \/>\n<meta property=\"article:modified_time\" content=\"2024-12-19T11:38:41+00:00\" \/>\n<meta property=\"og:image\" content=\"https:\/\/www.energyefficiencymovement.com\/wp-content\/uploads\/2024\/04\/eem-investment-readiness-hero-scaled.jpg\" \/>\n\t<meta property=\"og:image:width\" content=\"2560\" \/>\n\t<meta property=\"og:image:height\" content=\"957\" \/>\n\t<meta property=\"og:image:type\" content=\"image\/jpeg\" \/>\n<meta name=\"twitter:card\" content=\"summary_large_image\" \/>\n<script type=\"application\/ld+json\" class=\"yoast-schema-graph\">{\"@context\":\"https:\/\/schema.org\",\"@graph\":[{\"@type\":\"WebPage\",\"@id\":\"https:\/\/www.energyefficiencymovement.com\/de\/bereitschaft-zur-investition\/\",\"url\":\"https:\/\/www.energyefficiencymovement.com\/de\/bereitschaft-zur-investition\/\",\"name\":\"Bereitschaft zur Investition - Energy Efficiency Movement\",\"isPartOf\":{\"@id\":\"https:\/\/www.energyefficiencymovement.com\/#website\"},\"primaryImageOfPage\":{\"@id\":\"https:\/\/www.energyefficiencymovement.com\/de\/bereitschaft-zur-investition\/#primaryimage\"},\"image\":{\"@id\":\"https:\/\/www.energyefficiencymovement.com\/de\/bereitschaft-zur-investition\/#primaryimage\"},\"thumbnailUrl\":\"https:\/\/www.energyefficiencymovement.com\/wp-content\/uploads\/2024\/04\/eem-investment-readiness-hero-scaled.jpg\",\"datePublished\":\"2024-04-11T07:50:22+00:00\",\"dateModified\":\"2024-12-19T11:38:41+00:00\",\"description\":\"Umfrage zeigt branchenweite Beschleunigung der Investitionen in Verbesserungen der Energieeffizienz.\",\"breadcrumb\":{\"@id\":\"https:\/\/www.energyefficiencymovement.com\/de\/bereitschaft-zur-investition\/#breadcrumb\"},\"inLanguage\":\"de\",\"potentialAction\":[{\"@type\":\"ReadAction\",\"target\":[\"https:\/\/www.energyefficiencymovement.com\/de\/bereitschaft-zur-investition\/\"]}]},{\"@type\":\"ImageObject\",\"inLanguage\":\"de\",\"@id\":\"https:\/\/www.energyefficiencymovement.com\/de\/bereitschaft-zur-investition\/#primaryimage\",\"url\":\"https:\/\/www.energyefficiencymovement.com\/wp-content\/uploads\/2024\/04\/eem-investment-readiness-hero-scaled.jpg\",\"contentUrl\":\"https:\/\/www.energyefficiencymovement.com\/wp-content\/uploads\/2024\/04\/eem-investment-readiness-hero-scaled.jpg\",\"width\":2560,\"height\":957},{\"@type\":\"BreadcrumbList\",\"@id\":\"https:\/\/www.energyefficiencymovement.com\/de\/bereitschaft-zur-investition\/#breadcrumb\",\"itemListElement\":[{\"@type\":\"ListItem\",\"position\":1,\"name\":\"Home\",\"item\":\"https:\/\/www.energyefficiencymovement.com\/de\/\"},{\"@type\":\"ListItem\",\"position\":2,\"name\":\"Einsichten\",\"item\":\"https:\/\/www.energyefficiencymovement.com\/de\/\"},{\"@type\":\"ListItem\",\"position\":3,\"name\":\"Bereitschaft zur Investition\"}]},{\"@type\":\"WebSite\",\"@id\":\"https:\/\/www.energyefficiencymovement.com\/#website\",\"url\":\"https:\/\/www.energyefficiencymovement.com\/\",\"name\":\"Energy Efficiency Movement\",\"description\":\"\",\"publisher\":{\"@id\":\"https:\/\/www.energyefficiencymovement.com\/#organization\"},\"potentialAction\":[{\"@type\":\"SearchAction\",\"target\":{\"@type\":\"EntryPoint\",\"urlTemplate\":\"https:\/\/www.energyefficiencymovement.com\/?s={search_term_string}\"},\"query-input\":\"required name=search_term_string\"}],\"inLanguage\":\"de\"},{\"@type\":\"Organization\",\"@id\":\"https:\/\/www.energyefficiencymovement.com\/#organization\",\"name\":\"Energy Efficiency Movement\",\"url\":\"https:\/\/www.energyefficiencymovement.com\/\",\"logo\":{\"@type\":\"ImageObject\",\"inLanguage\":\"de\",\"@id\":\"https:\/\/www.energyefficiencymovement.com\/#\/schema\/logo\/image\/\",\"url\":\"https:\/\/www.energyefficiencymovement.com\/wp-content\/uploads\/2023\/09\/icon-logo.png\",\"contentUrl\":\"https:\/\/www.energyefficiencymovement.com\/wp-content\/uploads\/2023\/09\/icon-logo.png\",\"width\":367,\"height\":369,\"caption\":\"Energy Efficiency Movement\"},\"image\":{\"@id\":\"https:\/\/www.energyefficiencymovement.com\/#\/schema\/logo\/image\/\"}}]}<\/script>\n<!-- \/ Yoast SEO plugin. -->","yoast_head_json":{"title":"Bereitschaft zur Investition - Energy Efficiency Movement","description":"Umfrage zeigt branchenweite Beschleunigung der Investitionen in Verbesserungen der Energieeffizienz.","robots":{"index":"index","follow":"follow","max-snippet":"max-snippet:-1","max-image-preview":"max-image-preview:large","max-video-preview":"max-video-preview:-1"},"canonical":"https:\/\/www.energyefficiencymovement.com\/de\/bereitschaft-zur-investition\/","og_locale":"de_DE","og_type":"article","og_title":"Bereitschaft zur Investition - Energy Efficiency Movement","og_description":"Umfrage zeigt branchenweite Beschleunigung der Investitionen in Verbesserungen der Energieeffizienz.","og_url":"https:\/\/www.energyefficiencymovement.com\/de\/bereitschaft-zur-investition\/","og_site_name":"Energy Efficiency Movement","article_modified_time":"2024-12-19T11:38:41+00:00","og_image":[{"width":2560,"height":957,"url":"https:\/\/www.energyefficiencymovement.com\/wp-content\/uploads\/2024\/04\/eem-investment-readiness-hero-scaled.jpg","type":"image\/jpeg"}],"twitter_card":"summary_large_image","schema":{"@context":"https:\/\/schema.org","@graph":[{"@type":"WebPage","@id":"https:\/\/www.energyefficiencymovement.com\/de\/bereitschaft-zur-investition\/","url":"https:\/\/www.energyefficiencymovement.com\/de\/bereitschaft-zur-investition\/","name":"Bereitschaft zur Investition - Energy Efficiency Movement","isPartOf":{"@id":"https:\/\/www.energyefficiencymovement.com\/#website"},"primaryImageOfPage":{"@id":"https:\/\/www.energyefficiencymovement.com\/de\/bereitschaft-zur-investition\/#primaryimage"},"image":{"@id":"https:\/\/www.energyefficiencymovement.com\/de\/bereitschaft-zur-investition\/#primaryimage"},"thumbnailUrl":"https:\/\/www.energyefficiencymovement.com\/wp-content\/uploads\/2024\/04\/eem-investment-readiness-hero-scaled.jpg","datePublished":"2024-04-11T07:50:22+00:00","dateModified":"2024-12-19T11:38:41+00:00","description":"Umfrage zeigt branchenweite Beschleunigung der Investitionen in Verbesserungen der Energieeffizienz.","breadcrumb":{"@id":"https:\/\/www.energyefficiencymovement.com\/de\/bereitschaft-zur-investition\/#breadcrumb"},"inLanguage":"de","potentialAction":[{"@type":"ReadAction","target":["https:\/\/www.energyefficiencymovement.com\/de\/bereitschaft-zur-investition\/"]}]},{"@type":"ImageObject","inLanguage":"de","@id":"https:\/\/www.energyefficiencymovement.com\/de\/bereitschaft-zur-investition\/#primaryimage","url":"https:\/\/www.energyefficiencymovement.com\/wp-content\/uploads\/2024\/04\/eem-investment-readiness-hero-scaled.jpg","contentUrl":"https:\/\/www.energyefficiencymovement.com\/wp-content\/uploads\/2024\/04\/eem-investment-readiness-hero-scaled.jpg","width":2560,"height":957},{"@type":"BreadcrumbList","@id":"https:\/\/www.energyefficiencymovement.com\/de\/bereitschaft-zur-investition\/#breadcrumb","itemListElement":[{"@type":"ListItem","position":1,"name":"Home","item":"https:\/\/www.energyefficiencymovement.com\/de\/"},{"@type":"ListItem","position":2,"name":"Einsichten","item":"https:\/\/www.energyefficiencymovement.com\/de\/"},{"@type":"ListItem","position":3,"name":"Bereitschaft zur Investition"}]},{"@type":"WebSite","@id":"https:\/\/www.energyefficiencymovement.com\/#website","url":"https:\/\/www.energyefficiencymovement.com\/","name":"Energy Efficiency Movement","description":"","publisher":{"@id":"https:\/\/www.energyefficiencymovement.com\/#organization"},"potentialAction":[{"@type":"SearchAction","target":{"@type":"EntryPoint","urlTemplate":"https:\/\/www.energyefficiencymovement.com\/?s={search_term_string}"},"query-input":"required name=search_term_string"}],"inLanguage":"de"},{"@type":"Organization","@id":"https:\/\/www.energyefficiencymovement.com\/#organization","name":"Energy Efficiency Movement","url":"https:\/\/www.energyefficiencymovement.com\/","logo":{"@type":"ImageObject","inLanguage":"de","@id":"https:\/\/www.energyefficiencymovement.com\/#\/schema\/logo\/image\/","url":"https:\/\/www.energyefficiencymovement.com\/wp-content\/uploads\/2023\/09\/icon-logo.png","contentUrl":"https:\/\/www.energyefficiencymovement.com\/wp-content\/uploads\/2023\/09\/icon-logo.png","width":367,"height":369,"caption":"Energy Efficiency Movement"},"image":{"@id":"https:\/\/www.energyefficiencymovement.com\/#\/schema\/logo\/image\/"}}]}},"_links":{"self":[{"href":"https:\/\/www.energyefficiencymovement.com\/de\/wp-json\/wp\/v2\/pages\/20410"}],"collection":[{"href":"https:\/\/www.energyefficiencymovement.com\/de\/wp-json\/wp\/v2\/pages"}],"about":[{"href":"https:\/\/www.energyefficiencymovement.com\/de\/wp-json\/wp\/v2\/types\/page"}],"author":[{"embeddable":true,"href":"https:\/\/www.energyefficiencymovement.com\/de\/wp-json\/wp\/v2\/users\/1"}],"replies":[{"embeddable":true,"href":"https:\/\/www.energyefficiencymovement.com\/de\/wp-json\/wp\/v2\/comments?post=20410"}],"version-history":[{"count":1,"href":"https:\/\/www.energyefficiencymovement.com\/de\/wp-json\/wp\/v2\/pages\/20410\/revisions"}],"predecessor-version":[{"id":20411,"href":"https:\/\/www.energyefficiencymovement.com\/de\/wp-json\/wp\/v2\/pages\/20410\/revisions\/20411"}],"up":[{"embeddable":true,"href":"https:\/\/www.energyefficiencymovement.com\/de\/wp-json\/wp\/v2\/pages\/20044"}],"wp:featuredmedia":[{"embeddable":true,"href":"https:\/\/www.energyefficiencymovement.com\/de\/wp-json\/wp\/v2\/media\/17093"}],"wp:attachment":[{"href":"https:\/\/www.energyefficiencymovement.com\/de\/wp-json\/wp\/v2\/media?parent=20410"}],"curies":[{"name":"wp","href":"https:\/\/api.w.org\/{rel}","templated":true}]}}