{"id":20398,"date":"2023-10-18T10:11:45","date_gmt":"2023-10-18T07:11:45","guid":{"rendered":"https:\/\/www.energyefficiencymovement.com\/einsichten\/industrielle-effizienz\/"},"modified":"2024-12-19T13:27:23","modified_gmt":"2024-12-19T11:27:23","slug":"industrielle-effizienz","status":"publish","type":"page","link":"https:\/\/www.energyefficiencymovement.com\/de\/industrielle-effizienz\/","title":{"rendered":"Industrielle Effizienz"},"content":{"rendered":"\n<h2 class=\"wp-block-heading\">Der Imperativ der Industrie<\/h2>\n\n<div style=\"height:20px\" aria-hidden=\"true\" class=\"wp-block-spacer\"><\/div>\n\n<p class=\"lead\">Laut der International Energy Association (IEA) sind Verbesserungen der Energieeffizienz entscheidend, um die Ziele des Pariser Abkommens zu erreichen und <strong>bis 2050 einen Netto-Nullverbrauch<\/strong> zu erzielen.<\/p>\n\n<p class=\"lead\">Um dieses Ziel zu erreichen, m\u00fcssen die Fortschritte bei der Energieeffizienz bis 2030 jedoch verdoppelt werden. Angesichts dieser Herausforderung m\u00fcssen Industrie- und Handelsunternehmen als eine der gr\u00f6\u00dften Quellen von Treibhausgasemissionen ihre Arbeitsweise \u00e4ndern. <\/p>\n\n<p class=\"lead\">Unser neuer Bericht &#8220;<strong>The Case for Industrial Energy Efficiency<\/strong>&#8221; zeigt die finanziellen und \u00f6kologischen Auswirkungen von 10 wichtigen Energieeffizienzma\u00dfnahmen auf, die Unternehmen ergreifen k\u00f6nnen, und zwar auf drei strategischen S\u00e4ulen: Aufbau einer Effizienzgrundlage, Steigerung der Effizienzrendite und Gewinnung von Erkenntnissen \u00fcber die Effizienz.<\/p>\n\n<p class=\"lead\"><strong>Der Business Case ist klar<\/strong>: Ob es darum geht, die Gewinn- und Verlustrechnung von Unternehmen zu verbessern oder die Erderw\u00e4rmung einzud\u00e4mmen, Energieeffizienz zahlt sich aus.<\/p>\n\n<div style=\"height:20px\" aria-hidden=\"true\" class=\"wp-block-spacer\"><\/div>\n","protected":false},"excerpt":{"rendered":"<p>Der Imperativ der Industrie Laut der International Energy Association (IEA) sind Verbesserungen der Energieeffizienz entscheidend, um die Ziele des Pariser Abkommens zu erreichen und bis 2050 einen Netto-Nullverbrauch zu erzielen. Um dieses Ziel zu erreichen, m\u00fcssen die Fortschritte bei der Energieeffizienz bis 2030 jedoch verdoppelt werden. Angesichts dieser Herausforderung m\u00fcssen Industrie- und Handelsunternehmen als eine [&#8230;]<\/p>\n<p><a class=\"btn btn-secondary understrap-read-more-link\" href=\"https:\/\/www.energyefficiencymovement.com\/de\/industrielle-effizienz\/\">Weiterlesen&#8230;<\/a><\/p>\n","protected":false},"author":7,"featured_media":16268,"parent":20044,"menu_order":0,"comment_status":"closed","ping_status":"closed","template":"page-insightsindividual.php","meta":{"_monsterinsights_skip_tracking":false,"_monsterinsights_sitenote_active":false,"_monsterinsights_sitenote_note":"","_monsterinsights_sitenote_category":0,"footnotes":""},"acf":[],"yoast_head":"<!-- This site is optimized with the Yoast SEO plugin v22.6 - https:\/\/yoast.com\/wordpress\/plugins\/seo\/ -->\n<title>Industrielle Effizienz - Energy Efficiency Movement<\/title>\n<meta name=\"description\" content=\"Unser neuer Bericht &quot;The Case for Industrial Energy Efficiency&quot; zeigt die finanziellen und \u00f6kologischen Auswirkungen von 10 wichtigen Energieeffizienzma\u00dfnahmen auf, die Unternehmen ergreifen k\u00f6nnen.\" \/>\n<meta name=\"robots\" content=\"index, follow, max-snippet:-1, max-image-preview:large, max-video-preview:-1\" \/>\n<link rel=\"canonical\" href=\"https:\/\/www.energyefficiencymovement.com\/de\/industrielle-effizienz\/\" \/>\n<meta property=\"og:locale\" content=\"de_DE\" \/>\n<meta property=\"og:type\" content=\"article\" \/>\n<meta property=\"og:title\" content=\"Industrielle Effizienz - Energy Efficiency Movement\" \/>\n<meta property=\"og:description\" content=\"Unser neuer Bericht &quot;The Case for Industrial Energy Efficiency&quot; zeigt die finanziellen und \u00f6kologischen Auswirkungen von 10 wichtigen Energieeffizienzma\u00dfnahmen auf, die Unternehmen ergreifen k\u00f6nnen.\" \/>\n<meta property=\"og:url\" content=\"https:\/\/www.energyefficiencymovement.com\/de\/industrielle-effizienz\/\" \/>\n<meta property=\"og:site_name\" content=\"Energy Efficiency Movement\" \/>\n<meta property=\"article:modified_time\" content=\"2024-12-19T11:27:23+00:00\" \/>\n<meta property=\"og:image\" content=\"https:\/\/www.energyefficiencymovement.com\/wp-content\/uploads\/2023\/10\/hero-landingpage-case-for_gradient.jpg\" \/>\n\t<meta property=\"og:image:width\" content=\"1900\" \/>\n\t<meta property=\"og:image:height\" content=\"1069\" \/>\n\t<meta property=\"og:image:type\" content=\"image\/jpeg\" \/>\n<meta name=\"twitter:card\" content=\"summary_large_image\" \/>\n<script type=\"application\/ld+json\" class=\"yoast-schema-graph\">{\"@context\":\"https:\/\/schema.org\",\"@graph\":[{\"@type\":\"WebPage\",\"@id\":\"https:\/\/www.energyefficiencymovement.com\/de\/industrielle-effizienz\/\",\"url\":\"https:\/\/www.energyefficiencymovement.com\/de\/industrielle-effizienz\/\",\"name\":\"Industrielle Effizienz - Energy Efficiency Movement\",\"isPartOf\":{\"@id\":\"https:\/\/www.energyefficiencymovement.com\/#website\"},\"primaryImageOfPage\":{\"@id\":\"https:\/\/www.energyefficiencymovement.com\/de\/industrielle-effizienz\/#primaryimage\"},\"image\":{\"@id\":\"https:\/\/www.energyefficiencymovement.com\/de\/industrielle-effizienz\/#primaryimage\"},\"thumbnailUrl\":\"https:\/\/www.energyefficiencymovement.com\/wp-content\/uploads\/2023\/10\/hero-landingpage-case-for_gradient.jpg\",\"datePublished\":\"2023-10-18T07:11:45+00:00\",\"dateModified\":\"2024-12-19T11:27:23+00:00\",\"description\":\"Unser neuer Bericht \\\"The Case for Industrial Energy Efficiency\\\" zeigt die finanziellen und \u00f6kologischen Auswirkungen von 10 wichtigen Energieeffizienzma\u00dfnahmen auf, die Unternehmen ergreifen k\u00f6nnen.\",\"breadcrumb\":{\"@id\":\"https:\/\/www.energyefficiencymovement.com\/de\/industrielle-effizienz\/#breadcrumb\"},\"inLanguage\":\"de\",\"potentialAction\":[{\"@type\":\"ReadAction\",\"target\":[\"https:\/\/www.energyefficiencymovement.com\/de\/industrielle-effizienz\/\"]}]},{\"@type\":\"ImageObject\",\"inLanguage\":\"de\",\"@id\":\"https:\/\/www.energyefficiencymovement.com\/de\/industrielle-effizienz\/#primaryimage\",\"url\":\"https:\/\/www.energyefficiencymovement.com\/wp-content\/uploads\/2023\/10\/hero-landingpage-case-for_gradient.jpg\",\"contentUrl\":\"https:\/\/www.energyefficiencymovement.com\/wp-content\/uploads\/2023\/10\/hero-landingpage-case-for_gradient.jpg\",\"width\":1900,\"height\":1069},{\"@type\":\"BreadcrumbList\",\"@id\":\"https:\/\/www.energyefficiencymovement.com\/de\/industrielle-effizienz\/#breadcrumb\",\"itemListElement\":[{\"@type\":\"ListItem\",\"position\":1,\"name\":\"Home\",\"item\":\"https:\/\/www.energyefficiencymovement.com\/de\/\"},{\"@type\":\"ListItem\",\"position\":2,\"name\":\"Einsichten\",\"item\":\"https:\/\/www.energyefficiencymovement.com\/de\/\"},{\"@type\":\"ListItem\",\"position\":3,\"name\":\"Industrielle Effizienz\"}]},{\"@type\":\"WebSite\",\"@id\":\"https:\/\/www.energyefficiencymovement.com\/#website\",\"url\":\"https:\/\/www.energyefficiencymovement.com\/\",\"name\":\"Energy Efficiency Movement\",\"description\":\"\",\"publisher\":{\"@id\":\"https:\/\/www.energyefficiencymovement.com\/#organization\"},\"potentialAction\":[{\"@type\":\"SearchAction\",\"target\":{\"@type\":\"EntryPoint\",\"urlTemplate\":\"https:\/\/www.energyefficiencymovement.com\/?s={search_term_string}\"},\"query-input\":\"required name=search_term_string\"}],\"inLanguage\":\"de\"},{\"@type\":\"Organization\",\"@id\":\"https:\/\/www.energyefficiencymovement.com\/#organization\",\"name\":\"Energy Efficiency Movement\",\"url\":\"https:\/\/www.energyefficiencymovement.com\/\",\"logo\":{\"@type\":\"ImageObject\",\"inLanguage\":\"de\",\"@id\":\"https:\/\/www.energyefficiencymovement.com\/#\/schema\/logo\/image\/\",\"url\":\"https:\/\/www.energyefficiencymovement.com\/wp-content\/uploads\/2023\/09\/icon-logo.png\",\"contentUrl\":\"https:\/\/www.energyefficiencymovement.com\/wp-content\/uploads\/2023\/09\/icon-logo.png\",\"width\":367,\"height\":369,\"caption\":\"Energy Efficiency Movement\"},\"image\":{\"@id\":\"https:\/\/www.energyefficiencymovement.com\/#\/schema\/logo\/image\/\"}}]}<\/script>\n<!-- \/ Yoast SEO plugin. -->","yoast_head_json":{"title":"Industrielle Effizienz - Energy Efficiency Movement","description":"Unser neuer Bericht \"The Case for Industrial Energy Efficiency\" zeigt die finanziellen und \u00f6kologischen Auswirkungen von 10 wichtigen Energieeffizienzma\u00dfnahmen auf, die Unternehmen ergreifen k\u00f6nnen.","robots":{"index":"index","follow":"follow","max-snippet":"max-snippet:-1","max-image-preview":"max-image-preview:large","max-video-preview":"max-video-preview:-1"},"canonical":"https:\/\/www.energyefficiencymovement.com\/de\/industrielle-effizienz\/","og_locale":"de_DE","og_type":"article","og_title":"Industrielle Effizienz - Energy Efficiency Movement","og_description":"Unser neuer Bericht \"The Case for Industrial Energy Efficiency\" zeigt die finanziellen und \u00f6kologischen Auswirkungen von 10 wichtigen Energieeffizienzma\u00dfnahmen auf, die Unternehmen ergreifen k\u00f6nnen.","og_url":"https:\/\/www.energyefficiencymovement.com\/de\/industrielle-effizienz\/","og_site_name":"Energy Efficiency Movement","article_modified_time":"2024-12-19T11:27:23+00:00","og_image":[{"width":1900,"height":1069,"url":"https:\/\/www.energyefficiencymovement.com\/wp-content\/uploads\/2023\/10\/hero-landingpage-case-for_gradient.jpg","type":"image\/jpeg"}],"twitter_card":"summary_large_image","schema":{"@context":"https:\/\/schema.org","@graph":[{"@type":"WebPage","@id":"https:\/\/www.energyefficiencymovement.com\/de\/industrielle-effizienz\/","url":"https:\/\/www.energyefficiencymovement.com\/de\/industrielle-effizienz\/","name":"Industrielle Effizienz - Energy Efficiency Movement","isPartOf":{"@id":"https:\/\/www.energyefficiencymovement.com\/#website"},"primaryImageOfPage":{"@id":"https:\/\/www.energyefficiencymovement.com\/de\/industrielle-effizienz\/#primaryimage"},"image":{"@id":"https:\/\/www.energyefficiencymovement.com\/de\/industrielle-effizienz\/#primaryimage"},"thumbnailUrl":"https:\/\/www.energyefficiencymovement.com\/wp-content\/uploads\/2023\/10\/hero-landingpage-case-for_gradient.jpg","datePublished":"2023-10-18T07:11:45+00:00","dateModified":"2024-12-19T11:27:23+00:00","description":"Unser neuer Bericht \"The Case for Industrial Energy Efficiency\" zeigt die finanziellen und \u00f6kologischen Auswirkungen von 10 wichtigen Energieeffizienzma\u00dfnahmen auf, die Unternehmen ergreifen k\u00f6nnen.","breadcrumb":{"@id":"https:\/\/www.energyefficiencymovement.com\/de\/industrielle-effizienz\/#breadcrumb"},"inLanguage":"de","potentialAction":[{"@type":"ReadAction","target":["https:\/\/www.energyefficiencymovement.com\/de\/industrielle-effizienz\/"]}]},{"@type":"ImageObject","inLanguage":"de","@id":"https:\/\/www.energyefficiencymovement.com\/de\/industrielle-effizienz\/#primaryimage","url":"https:\/\/www.energyefficiencymovement.com\/wp-content\/uploads\/2023\/10\/hero-landingpage-case-for_gradient.jpg","contentUrl":"https:\/\/www.energyefficiencymovement.com\/wp-content\/uploads\/2023\/10\/hero-landingpage-case-for_gradient.jpg","width":1900,"height":1069},{"@type":"BreadcrumbList","@id":"https:\/\/www.energyefficiencymovement.com\/de\/industrielle-effizienz\/#breadcrumb","itemListElement":[{"@type":"ListItem","position":1,"name":"Home","item":"https:\/\/www.energyefficiencymovement.com\/de\/"},{"@type":"ListItem","position":2,"name":"Einsichten","item":"https:\/\/www.energyefficiencymovement.com\/de\/"},{"@type":"ListItem","position":3,"name":"Industrielle Effizienz"}]},{"@type":"WebSite","@id":"https:\/\/www.energyefficiencymovement.com\/#website","url":"https:\/\/www.energyefficiencymovement.com\/","name":"Energy Efficiency Movement","description":"","publisher":{"@id":"https:\/\/www.energyefficiencymovement.com\/#organization"},"potentialAction":[{"@type":"SearchAction","target":{"@type":"EntryPoint","urlTemplate":"https:\/\/www.energyefficiencymovement.com\/?s={search_term_string}"},"query-input":"required name=search_term_string"}],"inLanguage":"de"},{"@type":"Organization","@id":"https:\/\/www.energyefficiencymovement.com\/#organization","name":"Energy Efficiency Movement","url":"https:\/\/www.energyefficiencymovement.com\/","logo":{"@type":"ImageObject","inLanguage":"de","@id":"https:\/\/www.energyefficiencymovement.com\/#\/schema\/logo\/image\/","url":"https:\/\/www.energyefficiencymovement.com\/wp-content\/uploads\/2023\/09\/icon-logo.png","contentUrl":"https:\/\/www.energyefficiencymovement.com\/wp-content\/uploads\/2023\/09\/icon-logo.png","width":367,"height":369,"caption":"Energy Efficiency Movement"},"image":{"@id":"https:\/\/www.energyefficiencymovement.com\/#\/schema\/logo\/image\/"}}]}},"_links":{"self":[{"href":"https:\/\/www.energyefficiencymovement.com\/de\/wp-json\/wp\/v2\/pages\/20398"}],"collection":[{"href":"https:\/\/www.energyefficiencymovement.com\/de\/wp-json\/wp\/v2\/pages"}],"about":[{"href":"https:\/\/www.energyefficiencymovement.com\/de\/wp-json\/wp\/v2\/types\/page"}],"author":[{"embeddable":true,"href":"https:\/\/www.energyefficiencymovement.com\/de\/wp-json\/wp\/v2\/users\/7"}],"replies":[{"embeddable":true,"href":"https:\/\/www.energyefficiencymovement.com\/de\/wp-json\/wp\/v2\/comments?post=20398"}],"version-history":[{"count":1,"href":"https:\/\/www.energyefficiencymovement.com\/de\/wp-json\/wp\/v2\/pages\/20398\/revisions"}],"predecessor-version":[{"id":20399,"href":"https:\/\/www.energyefficiencymovement.com\/de\/wp-json\/wp\/v2\/pages\/20398\/revisions\/20399"}],"up":[{"embeddable":true,"href":"https:\/\/www.energyefficiencymovement.com\/de\/wp-json\/wp\/v2\/pages\/20044"}],"wp:featuredmedia":[{"embeddable":true,"href":"https:\/\/www.energyefficiencymovement.com\/de\/wp-json\/wp\/v2\/media\/16268"}],"wp:attachment":[{"href":"https:\/\/www.energyefficiencymovement.com\/de\/wp-json\/wp\/v2\/media?parent=20398"}],"curies":[{"name":"wp","href":"https:\/\/api.w.org\/{rel}","templated":true}]}}