{"id":20385,"date":"2023-09-20T14:12:44","date_gmt":"2023-09-20T11:12:44","guid":{"rendered":"https:\/\/www.energyefficiencymovement.com\/einsichten\/spielbuch\/"},"modified":"2024-12-19T13:05:04","modified_gmt":"2024-12-19T11:05:04","slug":"spielbuch","status":"publish","type":"page","link":"https:\/\/www.energyefficiencymovement.com\/de\/spielbuch\/","title":{"rendered":"Spielbuch"},"content":{"rendered":"\n<p class=\"largeText\">Die Verbesserung der Energieeffizienz in der Industrie hat das Potenzial, die Auswirkungen auf die Umwelt und die Kosten der Wirtschaft erheblich zu senken. <strong>Die Energieeffizienz-Bewegung<\/strong> fordert Movers auf, bew\u00e4hrte Praktiken mit anderen engagierten Partnern zu teilen, um die Kosten- und Energieeffizienz in jedem Industriesektor zu verbessern.<\/p>\n\n<div style=\"height:25px\" aria-hidden=\"true\" class=\"wp-block-spacer\"><\/div>\n\n<h2 class=\"wp-block-heading\">10 Schritte zum Start<\/h2>\n\n<div class=\"wp-block-columns is-layout-flex wp-container-3 wp-block-columns-is-layout-flex\">\n<div class=\"wp-block-column is-layout-flow wp-block-column-is-layout-flow\" style=\"flex-basis:66.66%\">\n<p>Von der Durchf\u00fchrung eines Audits bis hin zur vollst\u00e4ndigen Umsetzung der Digitalisierung gibt es viele Schritte, die Unternehmen bereits unternehmen k\u00f6nnen, um ihre Energieeffizienz zu verbessern. Das gemeinsam von Vertretern von ABB, Microsoft, Alfa Laval, DHL, der ETH Z\u00fcrich und der IEA verfasste Playbook zur Energieeffizienz in der Industrie skizziert zehn Ma\u00dfnahmen, die bereits heute ergriffen werden k\u00f6nnen, um Energiekosten und Emissionen zu senken. <\/p>\n<\/div>\n\n\n\n<div class=\"wp-block-column is-layout-flow wp-block-column-is-layout-flow\" style=\"flex-basis:33.33%\">\n<p>Laden Sie das Playbook zur industriellen Energieeffizienz herunter:<\/p>\n\n\n\n<p class=\"btn btnEEM btnBlack shadow-none\"><a href=\"https:\/\/search.abb.com\/library\/download.aspx?documentid=9akk108467a5406&amp;utm_source=abbcom&amp;utm_medium=website&amp;utm_campaign=eeplaybook\" target=\"_blank\" rel=\"noreferrer noopener\">Download \u00bb<\/a><\/p>\n<\/div>\n<\/div>\n","protected":false},"excerpt":{"rendered":"<p>Die Verbesserung der Energieeffizienz in der Industrie hat das Potenzial, die Auswirkungen auf die Umwelt und die Kosten der Wirtschaft erheblich zu senken. Die Energieeffizienz-Bewegung fordert Movers auf, bew\u00e4hrte Praktiken mit anderen engagierten Partnern zu teilen, um die Kosten- und Energieeffizienz in jedem Industriesektor zu verbessern. 10 Schritte zum Start Von der Durchf\u00fchrung eines Audits [&#8230;]<\/p>\n<p><a class=\"btn btn-secondary understrap-read-more-link\" href=\"https:\/\/www.energyefficiencymovement.com\/de\/spielbuch\/\">Weiterlesen&#8230;<\/a><\/p>\n","protected":false},"author":1,"featured_media":17628,"parent":20044,"menu_order":0,"comment_status":"closed","ping_status":"closed","template":"","meta":{"_monsterinsights_skip_tracking":false,"_monsterinsights_sitenote_active":false,"_monsterinsights_sitenote_note":"","_monsterinsights_sitenote_category":0,"footnotes":""},"acf":[],"yoast_head":"<!-- This site is optimized with the Yoast SEO plugin v22.6 - https:\/\/yoast.com\/wordpress\/plugins\/seo\/ -->\n<title>Spielbuch - Energy Efficiency Movement<\/title>\n<meta name=\"description\" content=\"Von der Durchf\u00fchrung eines Audits bis hin zur vollst\u00e4ndigen Umstellung auf die Digitalisierung gibt es viele Schritte, die Unternehmen bereits unternehmen k\u00f6nnen, um ihre Energieeffizienz zu verbessern.\" \/>\n<meta name=\"robots\" content=\"index, follow, max-snippet:-1, max-image-preview:large, max-video-preview:-1\" \/>\n<link rel=\"canonical\" href=\"https:\/\/www.energyefficiencymovement.com\/de\/spielbuch\/\" \/>\n<meta property=\"og:locale\" content=\"de_DE\" \/>\n<meta property=\"og:type\" content=\"article\" \/>\n<meta property=\"og:title\" content=\"Spielbuch - Energy Efficiency Movement\" \/>\n<meta property=\"og:description\" content=\"Von der Durchf\u00fchrung eines Audits bis hin zur vollst\u00e4ndigen Umstellung auf die Digitalisierung gibt es viele Schritte, die Unternehmen bereits unternehmen k\u00f6nnen, um ihre Energieeffizienz zu verbessern.\" \/>\n<meta property=\"og:url\" content=\"https:\/\/www.energyefficiencymovement.com\/de\/spielbuch\/\" \/>\n<meta property=\"og:site_name\" content=\"Energy Efficiency Movement\" \/>\n<meta property=\"article:modified_time\" content=\"2024-12-19T11:05:04+00:00\" \/>\n<meta property=\"og:image\" content=\"https:\/\/www.energyefficiencymovement.com\/wp-content\/uploads\/2024\/07\/AdobeStock_452879468-scaled.jpeg\" \/>\n\t<meta property=\"og:image:width\" content=\"2560\" \/>\n\t<meta property=\"og:image:height\" content=\"1440\" \/>\n\t<meta property=\"og:image:type\" content=\"image\/jpeg\" \/>\n<meta name=\"twitter:card\" content=\"summary_large_image\" \/>\n<script type=\"application\/ld+json\" class=\"yoast-schema-graph\">{\"@context\":\"https:\/\/schema.org\",\"@graph\":[{\"@type\":\"WebPage\",\"@id\":\"https:\/\/www.energyefficiencymovement.com\/de\/spielbuch\/\",\"url\":\"https:\/\/www.energyefficiencymovement.com\/de\/spielbuch\/\",\"name\":\"Spielbuch - Energy Efficiency Movement\",\"isPartOf\":{\"@id\":\"https:\/\/www.energyefficiencymovement.com\/#website\"},\"primaryImageOfPage\":{\"@id\":\"https:\/\/www.energyefficiencymovement.com\/de\/spielbuch\/#primaryimage\"},\"image\":{\"@id\":\"https:\/\/www.energyefficiencymovement.com\/de\/spielbuch\/#primaryimage\"},\"thumbnailUrl\":\"https:\/\/www.energyefficiencymovement.com\/wp-content\/uploads\/2024\/07\/AdobeStock_452879468-scaled.jpeg\",\"datePublished\":\"2023-09-20T11:12:44+00:00\",\"dateModified\":\"2024-12-19T11:05:04+00:00\",\"description\":\"Von der Durchf\u00fchrung eines Audits bis hin zur vollst\u00e4ndigen Umstellung auf die Digitalisierung gibt es viele Schritte, die Unternehmen bereits unternehmen k\u00f6nnen, um ihre Energieeffizienz zu verbessern.\",\"breadcrumb\":{\"@id\":\"https:\/\/www.energyefficiencymovement.com\/de\/spielbuch\/#breadcrumb\"},\"inLanguage\":\"de\",\"potentialAction\":[{\"@type\":\"ReadAction\",\"target\":[\"https:\/\/www.energyefficiencymovement.com\/de\/spielbuch\/\"]}]},{\"@type\":\"ImageObject\",\"inLanguage\":\"de\",\"@id\":\"https:\/\/www.energyefficiencymovement.com\/de\/spielbuch\/#primaryimage\",\"url\":\"https:\/\/www.energyefficiencymovement.com\/wp-content\/uploads\/2024\/07\/AdobeStock_452879468-scaled.jpeg\",\"contentUrl\":\"https:\/\/www.energyefficiencymovement.com\/wp-content\/uploads\/2024\/07\/AdobeStock_452879468-scaled.jpeg\",\"width\":2560,\"height\":1440},{\"@type\":\"BreadcrumbList\",\"@id\":\"https:\/\/www.energyefficiencymovement.com\/de\/spielbuch\/#breadcrumb\",\"itemListElement\":[{\"@type\":\"ListItem\",\"position\":1,\"name\":\"Home\",\"item\":\"https:\/\/www.energyefficiencymovement.com\/de\/\"},{\"@type\":\"ListItem\",\"position\":2,\"name\":\"Einsichten\",\"item\":\"https:\/\/www.energyefficiencymovement.com\/de\/\"},{\"@type\":\"ListItem\",\"position\":3,\"name\":\"Spielbuch\"}]},{\"@type\":\"WebSite\",\"@id\":\"https:\/\/www.energyefficiencymovement.com\/#website\",\"url\":\"https:\/\/www.energyefficiencymovement.com\/\",\"name\":\"Energy Efficiency Movement\",\"description\":\"\",\"publisher\":{\"@id\":\"https:\/\/www.energyefficiencymovement.com\/#organization\"},\"potentialAction\":[{\"@type\":\"SearchAction\",\"target\":{\"@type\":\"EntryPoint\",\"urlTemplate\":\"https:\/\/www.energyefficiencymovement.com\/?s={search_term_string}\"},\"query-input\":\"required name=search_term_string\"}],\"inLanguage\":\"de\"},{\"@type\":\"Organization\",\"@id\":\"https:\/\/www.energyefficiencymovement.com\/#organization\",\"name\":\"Energy Efficiency Movement\",\"url\":\"https:\/\/www.energyefficiencymovement.com\/\",\"logo\":{\"@type\":\"ImageObject\",\"inLanguage\":\"de\",\"@id\":\"https:\/\/www.energyefficiencymovement.com\/#\/schema\/logo\/image\/\",\"url\":\"https:\/\/www.energyefficiencymovement.com\/wp-content\/uploads\/2023\/09\/icon-logo.png\",\"contentUrl\":\"https:\/\/www.energyefficiencymovement.com\/wp-content\/uploads\/2023\/09\/icon-logo.png\",\"width\":367,\"height\":369,\"caption\":\"Energy Efficiency Movement\"},\"image\":{\"@id\":\"https:\/\/www.energyefficiencymovement.com\/#\/schema\/logo\/image\/\"}}]}<\/script>\n<!-- \/ Yoast SEO plugin. -->","yoast_head_json":{"title":"Spielbuch - Energy Efficiency Movement","description":"Von der Durchf\u00fchrung eines Audits bis hin zur vollst\u00e4ndigen Umstellung auf die Digitalisierung gibt es viele Schritte, die Unternehmen bereits unternehmen k\u00f6nnen, um ihre Energieeffizienz zu verbessern.","robots":{"index":"index","follow":"follow","max-snippet":"max-snippet:-1","max-image-preview":"max-image-preview:large","max-video-preview":"max-video-preview:-1"},"canonical":"https:\/\/www.energyefficiencymovement.com\/de\/spielbuch\/","og_locale":"de_DE","og_type":"article","og_title":"Spielbuch - Energy Efficiency Movement","og_description":"Von der Durchf\u00fchrung eines Audits bis hin zur vollst\u00e4ndigen Umstellung auf die Digitalisierung gibt es viele Schritte, die Unternehmen bereits unternehmen k\u00f6nnen, um ihre Energieeffizienz zu verbessern.","og_url":"https:\/\/www.energyefficiencymovement.com\/de\/spielbuch\/","og_site_name":"Energy Efficiency Movement","article_modified_time":"2024-12-19T11:05:04+00:00","og_image":[{"width":2560,"height":1440,"url":"https:\/\/www.energyefficiencymovement.com\/wp-content\/uploads\/2024\/07\/AdobeStock_452879468-scaled.jpeg","type":"image\/jpeg"}],"twitter_card":"summary_large_image","schema":{"@context":"https:\/\/schema.org","@graph":[{"@type":"WebPage","@id":"https:\/\/www.energyefficiencymovement.com\/de\/spielbuch\/","url":"https:\/\/www.energyefficiencymovement.com\/de\/spielbuch\/","name":"Spielbuch - Energy Efficiency Movement","isPartOf":{"@id":"https:\/\/www.energyefficiencymovement.com\/#website"},"primaryImageOfPage":{"@id":"https:\/\/www.energyefficiencymovement.com\/de\/spielbuch\/#primaryimage"},"image":{"@id":"https:\/\/www.energyefficiencymovement.com\/de\/spielbuch\/#primaryimage"},"thumbnailUrl":"https:\/\/www.energyefficiencymovement.com\/wp-content\/uploads\/2024\/07\/AdobeStock_452879468-scaled.jpeg","datePublished":"2023-09-20T11:12:44+00:00","dateModified":"2024-12-19T11:05:04+00:00","description":"Von der Durchf\u00fchrung eines Audits bis hin zur vollst\u00e4ndigen Umstellung auf die Digitalisierung gibt es viele Schritte, die Unternehmen bereits unternehmen k\u00f6nnen, um ihre Energieeffizienz zu verbessern.","breadcrumb":{"@id":"https:\/\/www.energyefficiencymovement.com\/de\/spielbuch\/#breadcrumb"},"inLanguage":"de","potentialAction":[{"@type":"ReadAction","target":["https:\/\/www.energyefficiencymovement.com\/de\/spielbuch\/"]}]},{"@type":"ImageObject","inLanguage":"de","@id":"https:\/\/www.energyefficiencymovement.com\/de\/spielbuch\/#primaryimage","url":"https:\/\/www.energyefficiencymovement.com\/wp-content\/uploads\/2024\/07\/AdobeStock_452879468-scaled.jpeg","contentUrl":"https:\/\/www.energyefficiencymovement.com\/wp-content\/uploads\/2024\/07\/AdobeStock_452879468-scaled.jpeg","width":2560,"height":1440},{"@type":"BreadcrumbList","@id":"https:\/\/www.energyefficiencymovement.com\/de\/spielbuch\/#breadcrumb","itemListElement":[{"@type":"ListItem","position":1,"name":"Home","item":"https:\/\/www.energyefficiencymovement.com\/de\/"},{"@type":"ListItem","position":2,"name":"Einsichten","item":"https:\/\/www.energyefficiencymovement.com\/de\/"},{"@type":"ListItem","position":3,"name":"Spielbuch"}]},{"@type":"WebSite","@id":"https:\/\/www.energyefficiencymovement.com\/#website","url":"https:\/\/www.energyefficiencymovement.com\/","name":"Energy Efficiency Movement","description":"","publisher":{"@id":"https:\/\/www.energyefficiencymovement.com\/#organization"},"potentialAction":[{"@type":"SearchAction","target":{"@type":"EntryPoint","urlTemplate":"https:\/\/www.energyefficiencymovement.com\/?s={search_term_string}"},"query-input":"required name=search_term_string"}],"inLanguage":"de"},{"@type":"Organization","@id":"https:\/\/www.energyefficiencymovement.com\/#organization","name":"Energy Efficiency Movement","url":"https:\/\/www.energyefficiencymovement.com\/","logo":{"@type":"ImageObject","inLanguage":"de","@id":"https:\/\/www.energyefficiencymovement.com\/#\/schema\/logo\/image\/","url":"https:\/\/www.energyefficiencymovement.com\/wp-content\/uploads\/2023\/09\/icon-logo.png","contentUrl":"https:\/\/www.energyefficiencymovement.com\/wp-content\/uploads\/2023\/09\/icon-logo.png","width":367,"height":369,"caption":"Energy Efficiency Movement"},"image":{"@id":"https:\/\/www.energyefficiencymovement.com\/#\/schema\/logo\/image\/"}}]}},"_links":{"self":[{"href":"https:\/\/www.energyefficiencymovement.com\/de\/wp-json\/wp\/v2\/pages\/20385"}],"collection":[{"href":"https:\/\/www.energyefficiencymovement.com\/de\/wp-json\/wp\/v2\/pages"}],"about":[{"href":"https:\/\/www.energyefficiencymovement.com\/de\/wp-json\/wp\/v2\/types\/page"}],"author":[{"embeddable":true,"href":"https:\/\/www.energyefficiencymovement.com\/de\/wp-json\/wp\/v2\/users\/1"}],"replies":[{"embeddable":true,"href":"https:\/\/www.energyefficiencymovement.com\/de\/wp-json\/wp\/v2\/comments?post=20385"}],"version-history":[{"count":1,"href":"https:\/\/www.energyefficiencymovement.com\/de\/wp-json\/wp\/v2\/pages\/20385\/revisions"}],"predecessor-version":[{"id":20386,"href":"https:\/\/www.energyefficiencymovement.com\/de\/wp-json\/wp\/v2\/pages\/20385\/revisions\/20386"}],"up":[{"embeddable":true,"href":"https:\/\/www.energyefficiencymovement.com\/de\/wp-json\/wp\/v2\/pages\/20044"}],"wp:featuredmedia":[{"embeddable":true,"href":"https:\/\/www.energyefficiencymovement.com\/de\/wp-json\/wp\/v2\/media\/17628"}],"wp:attachment":[{"href":"https:\/\/www.energyefficiencymovement.com\/de\/wp-json\/wp\/v2\/media?parent=20385"}],"curies":[{"name":"wp","href":"https:\/\/api.w.org\/{rel}","templated":true}]}}