{"id":19452,"date":"2022-02-21T09:04:30","date_gmt":"2022-02-21T07:04:30","guid":{"rendered":"https:\/\/www.energyefficiencymovement.com\/startseite\/"},"modified":"2025-07-18T13:28:01","modified_gmt":"2025-07-18T10:28:01","slug":"","status":"publish","type":"page","link":"https:\/\/www.energyefficiencymovement.com\/de\/","title":{"rendered":"Startseite"},"content":{"rendered":"\n<div class=\"herowithhighlight\">\n\n\t<div style=\"background-image: url('https:\/\/www.energyefficiencymovement.com\/wp-content\/uploads\/2025\/10\/vitaly-gariev-3-gj1U72tiQ-unsplash-scaled.jpg');\" class=\"heroBG break-out\" data-aos=\"fade-in\" data-aos-delay=\"0\">\n\n\t\t<div class=\"gradient \"><\/div>\n\n\t\t<div class=\"container heroContainer\" tabindex=\"-1\">\n\t\t\t<div class=\"d-flex flex-row justify-content-between align-items-center align-self-center h-100\">\n\t\t\t\t<div class=\"col-10 col-md-10 col-lg-8 col-xl-8 pt-5 pt-xl-0\">\n\t\t\t\t\t<h1 class=\"text-white font-weight-light\" data-aos=\"fade-up\" data-aos-delay=\"50\">\n\t\t\t\t\t\t<p>Die<br \/>\n<strong>Energie<\/strong><br \/>\n<strong>Effizienz<\/strong><br \/>\n<strong>Initiative<\/strong><\/p>\n\t\t\t\t\t<\/h1>\n\t\t\t\t\t<h2 class=\"text-white font-weight-light\" data-aos=\"fade-up\" data-aos-delay=\"100\">\n\t\t\t\t\t\tSt\u00e4rkung der Industrie f\u00fcr mehr Effizienz\t\t\t\t\t<\/h2>\n\t\t\t\t<\/div>\n\t\t\t<\/div>\n\t\t<\/div>\n\n\t<\/div>\n\n<\/div>\n\n\n\t<div class=\"highlightWrapper px-2 mb-3 width_wide\">\n\t\t<div class=\"container p-0\">\n\t\t\t\t\t\t\t\t\t\t<div class=\"highlightContainer\">\n\t\t\t\t\t\t\t\t<div class=\"d-flex flex-column flex-md-row align-items-stretch\">\n\t\t\t\t\t\t\t\t\t<div class=\"col-12 col-md-2 py-4 px-4 px-md-3 px-lg-4 align-self-stretch align-content-around text-left text-md-center imageColumn imageBG_lightgreen\">\n\t\t\t\t\t\t\t\t\t\t<img decoding=\"async\" src=\"https:\/\/www.energyefficiencymovement.com\/wp-content\/uploads\/2025\/02\/eem-icon-compass-1.png\" class=\"highlightImage\">\t\t\t\t\t\t\t\t\t<\/div>\n\t\t\t\t\t\t\t\t\t<div class=\"flex-grow-1 pl-4 pl-md-3 pl-lg-4 pl-xl-5 pr-4 pr-md-3 pr-lg-4 pr-xl-5 py-4 align-self-stretch contentColumn contentBG_lightgreen\">\n\t\t\t\t\t\t\t\t\t\t<a href=\"https:\/\/www.energyefficiencymovement.com\/efficiency-now\" target=\"_blank\">\t\t\t\t\t\t\t\t\t\t\t<h2 class=\"pl-2\">Neuer Bericht: EfficiencyNow<\/h2><div class=\"mediumText pl-2\"><p>\u00dcberwindung interner Hindernisse f\u00fcr die Energieeffizienz in der Industrie<\/p>\n<\/div>\t\t\t\t\t\t\t\t\t\t<\/a>\t\t\t\t\t\t\t\t\t<\/div>\n\t\t\t\t\t\t\t\t\t<div class=\"col-12 col-md-5 col-lg-4 py-4 pl-4 pr-5 align-content-around text-right linkColumn contentBG_lightgreen\">\n\t\t\t\t\t\t\t\t\t\t<a href=\"https:\/\/www.energyefficiencymovement.com\/efficiency-now\" class=\"btn btnEEM btnBlack shadow-none\" target=\"_blank\">Mehr erfahren \u00bb<\/a>\t\t\t\t\t\t\t\t\t<\/div>\n\t\t\t\t\t\t\t\t<\/div>\n\t\t\t\t\t\t\t<\/div>\n\t\t\t\t\t\t\t\t<\/div>\n\t<\/div>\n\n\n<div style=\"height:50px\" aria-hidden=\"true\" class=\"wp-block-spacer\"><\/div>\n\n<div class=\"mosaicblocks mb-4\">\n\n\t\t\n\n\n\n\n\n<div class=\"d-flex flex-row flex-wrap align-items-start\" data-aos=\"fade-up\">\n\n\t<div class=\"col-12 col-md-4 col-xl-2 mosaicBlock px-2 order-2\">\n\t\t\t\t<div class=\"d-flex flex-row flex-md-column align-items-stretch justify-content-between imageWrapper\">\n\t\t\t<div class=\"square mb-3\" style=\"background-image:url(https:\/\/www.energyefficiencymovement.com\/wp-content\/uploads\/2025\/02\/AdobeStock_292521207.jpg); background-size: cover; background-repeat: no-repeat; background-position: center center;\"><\/div>\n\t\t\t<div class=\"square mb-3\" style=\"background-image:url(https:\/\/www.energyefficiencymovement.com\/wp-content\/uploads\/2024\/10\/AdobeStock_452879468.jpeg); background-size: cover; background-repeat: no-repeat; background-position: center center;\"><\/div>\n\t\t<\/div>\n\t<\/div>\n\n\t<div class=\"col-12 col-md-8 col-xl-4 mosaicBlock px-2 mb-3 order-1\">\n\t\t<div class=\"d-flex flex-column align-items-stretch p-4 pr-5 square grey\">\n\t\t\t\t\t\t\t<div><h2>Die Energieeffizienz-Initiative<\/h2><\/div>\n\t\t\t\t\t\t\t\t\t\t<div class=\"flex-fill\"><p>f\u00f6rdert die Einf\u00fchrung von Energieeffizienz in der Industrie in gro\u00dfem Ma\u00dfstab, um die Welt in Richtung Net-Zero zu beschleunigen.<\/p>\n<\/div>\n\t\t\t\t\t\t<div class=\"text-right\"><img decoding=\"async\" src=\"https:\/\/www.energyefficiencymovement.com\/wp-content\/uploads\/2025\/05\/benefit-icons-core-white-crop.png\" class=\"mosaicLargeBlockImage\" alt=\"\" \/><\/div>\n\t\t<\/div>\n\t<\/div>\n\n\t<div class=\"col-12 col-md-8 col-xl-4 mosaicBlock px-2 mb-3 order-3\">\n\t\t<div class=\"d-flex flex-column align-items-stretch p-4 pr-5 square black\">\n\t\t\t\t\t\t\t\t\t\t<div class=\"flex-fill\"><p>Wir sind eine <strong>globale Gemeinschaft<\/strong>, die das<strong> Bewusstsein, die Annahme und die Entwicklung von Energieeffizienzl\u00f6sungen <\/strong>f\u00fcr eine bessere Wirtschaft und Umwelt f\u00f6rdert.<\/p>\n<p>Indem wir Branchenf\u00fchrer zusammenbringen, um <strong>ihr kollektives Wissen und ihre Ressourcen zu teilen, <\/strong>bem\u00fchen wir uns,<strong> die Energieeffizienz in allen Industriesektoren voranzutreiben.<\/strong><\/p>\n<\/div>\n\t\t\t\t\t\t<div class=\"text-right\"><img decoding=\"async\" src=\"\" class=\"mosaicLargeBlockImage\" alt=\"\" \/><\/div>\n\t\t<\/div>\n\t<\/div>\t\n\n\t<div class=\"col-12 col-md-4 col-xl-2 mosaicBlock px-2 order-4\">\n\t\t<div class=\"d-flex flex-row flex-md-column align-items-stretch justify-content-between imageWrapper\">\n\t\t\t<div class=\"square factNumbers mb-3 p-4 dark_green\" style=\"\"><div class=\"pushToBottom\">1\/3<\/div><\/div>\n\t\t\t<div class=\"square factText mb-3 p-4 dark_green\" style=\"\"><p>der notwendigen CO2-Einsparungen k\u00f6nnen durch Energieeffizienz erreicht werden.<\/p>\n<span class=\"factNotes\">Referenz : IEA, 2024<\/span><\/div>\n\t\t<\/div>\n\t<\/div>\n\n<\/div> \n\n\n\n\n\n\n\n\n\n<div class=\"d-flex flex-row flex-wrap align-items-start\" data-aos=\"fade-up\">\n\n\t<div class=\"col-12 col-md-4 col-xl-2 mosaicBlock px-2 order-1\">\n\t\t\t\t<div class=\"d-flex flex-row flex-md-column align-items-stretch justify-content-between imageWrapper\">\n\t\t\t<div class=\"square mb-3\" style=\"background-image:url(https:\/\/www.energyefficiencymovement.com\/wp-content\/uploads\/2024\/10\/AdobeStock_515975830-stamp.jpg); background-size: cover; background-repeat: no-repeat; background-position: center center;\"><\/div>\n\t\t\t<div class=\"square mb-3\" style=\"background-image:url(https:\/\/www.energyefficiencymovement.com\/wp-content\/uploads\/2025\/02\/AdobeStock_619233810.jpg); background-size: cover; background-repeat: no-repeat; background-position: center center;\"><\/div>\n\t\t<\/div>\n\t<\/div>\n\n\t<div class=\"col-12 col-md-8 col-xl-4 mosaicBlock px-2 mb-3 order-2\">\n\t\t<div class=\"d-flex flex-column align-items-stretch p-4 pr-5 square black\">\n\t\t\t\t\t\t\t\t\t\t<div class=\"flex-fill\"><p>Wir engagieren uns f\u00fcr die <strong>F\u00f6rderung von Energieeffizienzl\u00f6sungen<\/strong>, den Austausch <strong>bew\u00e4hrter Verfahren<\/strong>, die Bereitstellung von <strong>Plattformen f\u00fcr die Zusammenarbeit<\/strong> und die Zusammenarbeit mit <strong>strategischen Partnerschaften<\/strong>, um die Vorteile energieeffizienter Initiativen aufzuzeigen.<\/p>\n<p>Mit diesen Bem\u00fchungen gehen wir nicht nur den unmittelbaren Bedarf an Energieeffizienz an, sondern legen auch den Grundstein f\u00fcr k\u00fcnftige Innovationen im Verkehrswesen, im Bauwesen und dar\u00fcber hinaus.<\/p>\n<\/div>\n\t\t\t\t\t\t<div class=\"text-right\"><img decoding=\"async\" src=\"\" class=\"mosaicLargeBlockImage\" alt=\"\" \/><\/div>\n\t\t<\/div>\n\t<\/div>\n\n\t<div class=\"col-12 col-md-8 col-xl-4 mosaicBlock px-2 mb-3 order-4\">\n\t\t<div class=\"d-flex flex-column align-items-stretch p-4 pr-5 square light_green\">\n\t\t\t\t\t\t\t\t\t\t<div class=\"flex-fill\"><p>Durch die Teilnahme an der Energieeffizienz-Bewegung haben die <strong>Movers<\/strong> eine Plattform, um ihre Bed\u00fcrfnisse im Bereich der Energieeffizienz <strong>zu kommunizieren<\/strong> und so ein kollaboratives Umfeld <strong>zu f\u00f6rdern<\/strong>, das zu wirksamen Ver\u00e4nderungen und langfristiger <strong>Rentabilit\u00e4t<\/strong> f\u00fchrt.<\/p>\n<p><a class=\"btn btnEEM btnGreen shadow-none\" href=\"https:\/\/www.energyefficiencymovement.com\/movers-categories\/apply\/\">Jetzt mitmachen!<\/a><\/p>\n<\/div>\n\t\t\t\t\t\t<div class=\"text-right\"><img decoding=\"async\" src=\"https:\/\/www.energyefficiencymovement.com\/wp-content\/uploads\/2025\/02\/eem-icon-group-1.png\" class=\"mosaicLargeBlockImage\" alt=\"\" \/><\/div>\n\t\t<\/div>\n\t<\/div>\t\n\n\t<div class=\"col-12 col-md-4 col-xl-2 mosaicBlock px-2 order-3\">\n\t\t<div class=\"d-flex flex-row flex-md-column align-items-stretch justify-content-between imageWrapper\">\n\t\t\t<div class=\"square factNumbers mb-3 p-4 dark_green\" style=\"\"><div class=\"pushToBottom\">15%<\/div><\/div>\n\t\t\t<div class=\"square factText mb-3 p-4 dark_green\" style=\"\"><p>der Industriekosten k\u00f6nnen innerhalb von zwei Jahren durch Energieeffizienz gesenkt werden.<\/p>\n<span class=\"factNotes\">Referenz : IEA, 2024<\/span><\/div>\n\t\t<\/div>\n\t<\/div>\n\n<\/div> \n\n\n\n\n\n<\/div>\n\n<div style=\"height:39px\" aria-hidden=\"true\" class=\"wp-block-spacer\"><\/div>\n\n<h2 class=\"wp-block-heading\">Warum man ein Mover werden sollte<\/h2>\n\n<div style=\"height:20px\" aria-hidden=\"true\" class=\"wp-block-spacer\"><\/div>\n\n<div class=\"wp-block-columns is-layout-flex wp-container-4 wp-block-columns-is-layout-flex\">\n<div class=\"wp-block-column is-layout-flow wp-block-column-is-layout-flow\">\n<div class=\"wp-block-media-text is-stacked-on-mobile is-vertically-aligned-top\" style=\"grid-template-columns:25% auto\"><figure class=\"wp-block-media-text__media\"><img decoding=\"async\" loading=\"lazy\" width=\"180\" height=\"188\" src=\"https:\/\/www.energyefficiencymovement.com\/wp-content\/uploads\/2024\/11\/icon-lamp.png\" alt=\"\" class=\"wp-image-12806 size-full\"\/><\/figure><div class=\"wp-block-media-text__content\">\n<p class=\"mediumText\">LERNEN<\/p>\n\n\n\n<p class=\"mediumText\">Erwerben Sie praktisches Know-how \u00fcber Energieeffizienz und deren Umsetzung. Greifen Sie auf Ressourcen und schnelle L\u00f6sungen zu, um energieeffiziente Ma\u00dfnahmen mit minimalen Ausfallzeiten zu implementieren. <\/p>\n<\/div><\/div>\n<\/div>\n\n\n\n<div class=\"wp-block-column is-layout-flow wp-block-column-is-layout-flow\">\n<div class=\"wp-block-media-text is-stacked-on-mobile is-vertically-aligned-top\" style=\"grid-template-columns:25% auto\"><figure class=\"wp-block-media-text__media\"><img decoding=\"async\" loading=\"lazy\" width=\"396\" height=\"281\" src=\"https:\/\/www.energyefficiencymovement.com\/wp-content\/uploads\/2023\/09\/icon-hands.png\" alt=\"H\u00e4ndesch\u00fctteln\" class=\"wp-image-10112 size-full\" srcset=\"https:\/\/www.energyefficiencymovement.com\/wp-content\/uploads\/2023\/09\/icon-hands.png 396w, https:\/\/www.energyefficiencymovement.com\/wp-content\/uploads\/2023\/09\/icon-hands-300x213.png 300w\" sizes=\"(max-width: 396px) 100vw, 396px\" \/><\/figure><div class=\"wp-block-media-text__content\">\n<p class=\"mediumText\">ZUSAMMENARBEITEN<\/p>\n\n\n\n<p class=\"mediumText\">Schlie\u00dfen Sie sich einem einzigartigen, weltweiten Netzwerk von Organisationen an, die Energieeffizienz f\u00f6rdern. Teilen Sie bew\u00e4hrte Praktiken und gehen Sie Partnerschaften ein, um gemeinsam den Wandel zu beschleunigen.  <\/p>\n<\/div><\/div>\n<\/div>\n\n\n\n<div class=\"wp-block-column is-layout-flow wp-block-column-is-layout-flow\">\n<div class=\"wp-block-media-text is-stacked-on-mobile is-vertically-aligned-top\" style=\"grid-template-columns:25% auto\"><figure class=\"wp-block-media-text__media\"><img decoding=\"async\" loading=\"lazy\" width=\"323\" height=\"356\" src=\"https:\/\/www.energyefficiencymovement.com\/wp-content\/uploads\/2023\/08\/icon-medal.png\" alt=\"\" class=\"wp-image-9870 size-full\" srcset=\"https:\/\/www.energyefficiencymovement.com\/wp-content\/uploads\/2023\/08\/icon-medal.png 323w, https:\/\/www.energyefficiencymovement.com\/wp-content\/uploads\/2023\/08\/icon-medal-272x300.png 272w\" sizes=\"(max-width: 323px) 100vw, 323px\" \/><\/figure><div class=\"wp-block-media-text__content\">\n<p class=\"mediumText\">KOMPETENZEN AUFBAUEN<\/p>\n\n\n\n<p class=\"mediumText\">Erhalten Sie Zugang zu Schulungskursen und Programmen zur Energieeffizienz, die Ihren Bed\u00fcrfnissen entsprechen, um Energieeffizienz in Ihrer Organisation umzusetzen. <\/p>\n<\/div><\/div>\n<\/div>\n<\/div>\n\n<p><\/p>\n","protected":false},"excerpt":{"rendered":"<p>Warum man ein Mover werden sollte LERNEN Erwerben Sie praktisches Know-how \u00fcber Energieeffizienz und deren Umsetzung. Greifen Sie auf Ressourcen und schnelle L\u00f6sungen zu, um energieeffiziente Ma\u00dfnahmen mit minimalen Ausfallzeiten zu implementieren. ZUSAMMENARBEITEN Schlie\u00dfen Sie sich einem einzigartigen, weltweiten Netzwerk von Organisationen an, die Energieeffizienz f\u00f6rdern. Teilen Sie bew\u00e4hrte Praktiken und gehen Sie Partnerschaften ein, [&#8230;]<\/p>\n<p><a class=\"btn btn-secondary understrap-read-more-link\" href=\"https:\/\/www.energyefficiencymovement.com\/de\/\">Weiterlesen&#8230;<\/a><\/p>\n","protected":false},"author":1,"featured_media":24188,"parent":0,"menu_order":0,"comment_status":"closed","ping_status":"open","template":"page-frontpage.php","meta":{"_monsterinsights_skip_tracking":false,"_monsterinsights_sitenote_active":false,"_monsterinsights_sitenote_note":"","_monsterinsights_sitenote_category":0,"footnotes":""},"acf":[],"yoast_head":"<!-- This site is optimized with the Yoast SEO plugin v22.6 - https:\/\/yoast.com\/wordpress\/plugins\/seo\/ -->\n<title>Energy Efficiency Movement<\/title>\n<meta name=\"description\" content=\"Die Energy Efficiency Movement vereint Technologieunternehmen, Akademiker, \u00f6ffentliche Entscheidungstr\u00e4ger und andere Interessengruppen in einem Bestreben, die Effizienz zu steigern\" \/>\n<meta name=\"robots\" content=\"index, follow, max-snippet:-1, max-image-preview:large, max-video-preview:-1\" \/>\n<link rel=\"canonical\" href=\"https:\/\/www.energyefficiencymovement.com\/de\/\" \/>\n<meta property=\"og:locale\" content=\"de_DE\" \/>\n<meta property=\"og:type\" content=\"article\" \/>\n<meta property=\"og:title\" content=\"Energy Efficiency Movement\" \/>\n<meta property=\"og:description\" content=\"Die Energy Efficiency Movement vereint Technologieunternehmen, Akademiker, \u00f6ffentliche Entscheidungstr\u00e4ger und andere Interessengruppen in einem Bestreben, die Effizienz zu steigern\" \/>\n<meta property=\"og:url\" content=\"https:\/\/www.energyefficiencymovement.com\/de\/\" \/>\n<meta property=\"og:site_name\" content=\"Energy Efficiency Movement\" \/>\n<meta property=\"article:modified_time\" content=\"2025-07-18T10:28:01+00:00\" \/>\n<meta property=\"og:image\" content=\"https:\/\/www.energyefficiencymovement.com\/wp-content\/uploads\/2025\/10\/vitaly-gariev-3-gj1U72tiQ-unsplash-scaled.jpg\" \/>\n\t<meta property=\"og:image:width\" content=\"2560\" \/>\n\t<meta property=\"og:image:height\" content=\"1440\" \/>\n\t<meta property=\"og:image:type\" content=\"image\/jpeg\" \/>\n<meta name=\"twitter:card\" content=\"summary_large_image\" \/>\n<script type=\"application\/ld+json\" class=\"yoast-schema-graph\">{\"@context\":\"https:\/\/schema.org\",\"@graph\":[{\"@type\":\"WebPage\",\"@id\":\"https:\/\/www.energyefficiencymovement.com\/de\/\",\"url\":\"https:\/\/www.energyefficiencymovement.com\/de\/\",\"name\":\"Energy Efficiency Movement\",\"isPartOf\":{\"@id\":\"https:\/\/www.energyefficiencymovement.com\/#website\"},\"primaryImageOfPage\":{\"@id\":\"https:\/\/www.energyefficiencymovement.com\/de\/#primaryimage\"},\"image\":{\"@id\":\"https:\/\/www.energyefficiencymovement.com\/de\/#primaryimage\"},\"thumbnailUrl\":\"https:\/\/www.energyefficiencymovement.com\/wp-content\/uploads\/2025\/10\/vitaly-gariev-3-gj1U72tiQ-unsplash-scaled.jpg\",\"datePublished\":\"2022-02-21T07:04:30+00:00\",\"dateModified\":\"2025-07-18T10:28:01+00:00\",\"description\":\"Die Energy Efficiency Movement vereint Technologieunternehmen, Akademiker, \u00f6ffentliche Entscheidungstr\u00e4ger und andere Interessengruppen in einem Bestreben, die Effizienz zu steigern\",\"breadcrumb\":{\"@id\":\"https:\/\/www.energyefficiencymovement.com\/de\/#breadcrumb\"},\"inLanguage\":\"de\",\"potentialAction\":[{\"@type\":\"ReadAction\",\"target\":[\"https:\/\/www.energyefficiencymovement.com\/de\/\"]}]},{\"@type\":\"ImageObject\",\"inLanguage\":\"de\",\"@id\":\"https:\/\/www.energyefficiencymovement.com\/de\/#primaryimage\",\"url\":\"https:\/\/www.energyefficiencymovement.com\/wp-content\/uploads\/2025\/10\/vitaly-gariev-3-gj1U72tiQ-unsplash-scaled.jpg\",\"contentUrl\":\"https:\/\/www.energyefficiencymovement.com\/wp-content\/uploads\/2025\/10\/vitaly-gariev-3-gj1U72tiQ-unsplash-scaled.jpg\",\"width\":2560,\"height\":1440},{\"@type\":\"BreadcrumbList\",\"@id\":\"https:\/\/www.energyefficiencymovement.com\/de\/#breadcrumb\",\"itemListElement\":[{\"@type\":\"ListItem\",\"position\":1,\"name\":\"Home\",\"item\":\"https:\/\/www.energyefficiencymovement.com\/de\/\"},{\"@type\":\"ListItem\",\"position\":2,\"name\":\"Startseite\"}]},{\"@type\":\"WebSite\",\"@id\":\"https:\/\/www.energyefficiencymovement.com\/#website\",\"url\":\"https:\/\/www.energyefficiencymovement.com\/\",\"name\":\"Energy Efficiency Movement\",\"description\":\"\",\"publisher\":{\"@id\":\"https:\/\/www.energyefficiencymovement.com\/#organization\"},\"potentialAction\":[{\"@type\":\"SearchAction\",\"target\":{\"@type\":\"EntryPoint\",\"urlTemplate\":\"https:\/\/www.energyefficiencymovement.com\/?s={search_term_string}\"},\"query-input\":\"required name=search_term_string\"}],\"inLanguage\":\"de\"},{\"@type\":\"Organization\",\"@id\":\"https:\/\/www.energyefficiencymovement.com\/#organization\",\"name\":\"Energy Efficiency Movement\",\"url\":\"https:\/\/www.energyefficiencymovement.com\/\",\"logo\":{\"@type\":\"ImageObject\",\"inLanguage\":\"de\",\"@id\":\"https:\/\/www.energyefficiencymovement.com\/#\/schema\/logo\/image\/\",\"url\":\"https:\/\/www.energyefficiencymovement.com\/wp-content\/uploads\/2023\/09\/icon-logo.png\",\"contentUrl\":\"https:\/\/www.energyefficiencymovement.com\/wp-content\/uploads\/2023\/09\/icon-logo.png\",\"width\":367,\"height\":369,\"caption\":\"Energy Efficiency Movement\"},\"image\":{\"@id\":\"https:\/\/www.energyefficiencymovement.com\/#\/schema\/logo\/image\/\"}}]}<\/script>\n<!-- \/ Yoast SEO plugin. -->","yoast_head_json":{"title":"Energy Efficiency Movement","description":"Die Energy Efficiency Movement vereint Technologieunternehmen, Akademiker, \u00f6ffentliche Entscheidungstr\u00e4ger und andere Interessengruppen in einem Bestreben, die Effizienz zu steigern","robots":{"index":"index","follow":"follow","max-snippet":"max-snippet:-1","max-image-preview":"max-image-preview:large","max-video-preview":"max-video-preview:-1"},"canonical":"https:\/\/www.energyefficiencymovement.com\/de\/","og_locale":"de_DE","og_type":"article","og_title":"Energy Efficiency Movement","og_description":"Die Energy Efficiency Movement vereint Technologieunternehmen, Akademiker, \u00f6ffentliche Entscheidungstr\u00e4ger und andere Interessengruppen in einem Bestreben, die Effizienz zu steigern","og_url":"https:\/\/www.energyefficiencymovement.com\/de\/","og_site_name":"Energy Efficiency Movement","article_modified_time":"2025-07-18T10:28:01+00:00","og_image":[{"width":2560,"height":1440,"url":"https:\/\/www.energyefficiencymovement.com\/wp-content\/uploads\/2025\/10\/vitaly-gariev-3-gj1U72tiQ-unsplash-scaled.jpg","type":"image\/jpeg"}],"twitter_card":"summary_large_image","schema":{"@context":"https:\/\/schema.org","@graph":[{"@type":"WebPage","@id":"https:\/\/www.energyefficiencymovement.com\/de\/","url":"https:\/\/www.energyefficiencymovement.com\/de\/","name":"Energy Efficiency Movement","isPartOf":{"@id":"https:\/\/www.energyefficiencymovement.com\/#website"},"primaryImageOfPage":{"@id":"https:\/\/www.energyefficiencymovement.com\/de\/#primaryimage"},"image":{"@id":"https:\/\/www.energyefficiencymovement.com\/de\/#primaryimage"},"thumbnailUrl":"https:\/\/www.energyefficiencymovement.com\/wp-content\/uploads\/2025\/10\/vitaly-gariev-3-gj1U72tiQ-unsplash-scaled.jpg","datePublished":"2022-02-21T07:04:30+00:00","dateModified":"2025-07-18T10:28:01+00:00","description":"Die Energy Efficiency Movement vereint Technologieunternehmen, Akademiker, \u00f6ffentliche Entscheidungstr\u00e4ger und andere Interessengruppen in einem Bestreben, die Effizienz zu steigern","breadcrumb":{"@id":"https:\/\/www.energyefficiencymovement.com\/de\/#breadcrumb"},"inLanguage":"de","potentialAction":[{"@type":"ReadAction","target":["https:\/\/www.energyefficiencymovement.com\/de\/"]}]},{"@type":"ImageObject","inLanguage":"de","@id":"https:\/\/www.energyefficiencymovement.com\/de\/#primaryimage","url":"https:\/\/www.energyefficiencymovement.com\/wp-content\/uploads\/2025\/10\/vitaly-gariev-3-gj1U72tiQ-unsplash-scaled.jpg","contentUrl":"https:\/\/www.energyefficiencymovement.com\/wp-content\/uploads\/2025\/10\/vitaly-gariev-3-gj1U72tiQ-unsplash-scaled.jpg","width":2560,"height":1440},{"@type":"BreadcrumbList","@id":"https:\/\/www.energyefficiencymovement.com\/de\/#breadcrumb","itemListElement":[{"@type":"ListItem","position":1,"name":"Home","item":"https:\/\/www.energyefficiencymovement.com\/de\/"},{"@type":"ListItem","position":2,"name":"Startseite"}]},{"@type":"WebSite","@id":"https:\/\/www.energyefficiencymovement.com\/#website","url":"https:\/\/www.energyefficiencymovement.com\/","name":"Energy Efficiency Movement","description":"","publisher":{"@id":"https:\/\/www.energyefficiencymovement.com\/#organization"},"potentialAction":[{"@type":"SearchAction","target":{"@type":"EntryPoint","urlTemplate":"https:\/\/www.energyefficiencymovement.com\/?s={search_term_string}"},"query-input":"required name=search_term_string"}],"inLanguage":"de"},{"@type":"Organization","@id":"https:\/\/www.energyefficiencymovement.com\/#organization","name":"Energy Efficiency Movement","url":"https:\/\/www.energyefficiencymovement.com\/","logo":{"@type":"ImageObject","inLanguage":"de","@id":"https:\/\/www.energyefficiencymovement.com\/#\/schema\/logo\/image\/","url":"https:\/\/www.energyefficiencymovement.com\/wp-content\/uploads\/2023\/09\/icon-logo.png","contentUrl":"https:\/\/www.energyefficiencymovement.com\/wp-content\/uploads\/2023\/09\/icon-logo.png","width":367,"height":369,"caption":"Energy Efficiency Movement"},"image":{"@id":"https:\/\/www.energyefficiencymovement.com\/#\/schema\/logo\/image\/"}}]}},"_links":{"self":[{"href":"https:\/\/www.energyefficiencymovement.com\/de\/wp-json\/wp\/v2\/pages\/19452"}],"collection":[{"href":"https:\/\/www.energyefficiencymovement.com\/de\/wp-json\/wp\/v2\/pages"}],"about":[{"href":"https:\/\/www.energyefficiencymovement.com\/de\/wp-json\/wp\/v2\/types\/page"}],"author":[{"embeddable":true,"href":"https:\/\/www.energyefficiencymovement.com\/de\/wp-json\/wp\/v2\/users\/1"}],"replies":[{"embeddable":true,"href":"https:\/\/www.energyefficiencymovement.com\/de\/wp-json\/wp\/v2\/comments?post=19452"}],"version-history":[{"count":12,"href":"https:\/\/www.energyefficiencymovement.com\/de\/wp-json\/wp\/v2\/pages\/19452\/revisions"}],"predecessor-version":[{"id":23436,"href":"https:\/\/www.energyefficiencymovement.com\/de\/wp-json\/wp\/v2\/pages\/19452\/revisions\/23436"}],"wp:featuredmedia":[{"embeddable":true,"href":"https:\/\/www.energyefficiencymovement.com\/de\/wp-json\/wp\/v2\/media\/24188"}],"wp:attachment":[{"href":"https:\/\/www.energyefficiencymovement.com\/de\/wp-json\/wp\/v2\/media?parent=19452"}],"curies":[{"name":"wp","href":"https:\/\/api.w.org\/{rel}","templated":true}]}}